{"id":75,"date":"2019-05-30T18:02:53","date_gmt":"2019-05-30T18:02:53","guid":{"rendered":"https:\/\/popolvuh.ufm.edu\/?page_id=75"},"modified":"2026-02-17T14:59:29","modified_gmt":"2026-02-17T14:59:29","slug":"premio-huun-v2","status":"publish","type":"page","link":"https:\/\/popolvuh.ufm.edu\/?page_id=75","title":{"rendered":"Premios"},"content":{"rendered":"\r\n<h2>\u00a0<\/h2>\r\n<p>En 2003, el Museo Popol Vuh instituy\u00f3 el Premio Huun para la Prensa Arqueol\u00f3gica de Guatemala, que se entrega anualmente a los autores del mejor reportaje de prensa escrita sobre un tema relacionado con la conservaci\u00f3n, investigaci\u00f3n y divulgaci\u00f3n de la arqueolog\u00eda de Guatemala. Por medio de este premio, se pretende estimular el inter\u00e9s de la prensa para la divulgaci\u00f3n del trabajo arqueol\u00f3gico que se lleva a cabo en el pa\u00eds, mejorar la calidad de los reportajes de prensa, y contribuir a la educaci\u00f3n del p\u00fablico en lo relacionada a la arqueolog\u00eda de Guatemala. El premio consiste en un diploma, un broche de plata y un lote de publicaciones del museo, que se entregan al autor del reportaje y al ilustrador que haya participado en el mismo. Los reportajes nominados para el premio pueden tocar temas de arqueolog\u00eda de la \u00e9poca prehisp\u00e1nica, colonial o independiente, hasta el a\u00f1o 1900 de nuestra era. El nombre del premio se deriva de la palabra maya\u00a0<em>huun<\/em>, que significa \u201clibro\u201d o \u201cpapel\u201d. El broche que se entrega a los ganadores presenta el signo jerogl\u00edfico\u00a0<strong>HUUN<\/strong>, cuya forma gr\u00e1fica corresponde a la representaci\u00f3n de un libro prehisp\u00e1nico cerrado, con forro de piel de jaguar.<\/p>\r\n<h2>Premio Hunn 2021<\/h2>\r\n<ul>\r\n<li>Redacci\u00f3n: Jaime Moreno de Le\u00f3n<\/li>\r\n<li>Infograf\u00eda: Proyecto PAST y Pacunam<\/li>\r\n<li>T\u00edtulo del reportaje: Tikal: nuevas perspectivas de una ciudad cosmopolita<\/li>\r\n<li>Publicado en: El Peri\u00f3dico, 11 de abril de 2021<\/li>\r\n<li>Jurado calificador:\r\n<ul>\r\n<li>Dr. Guillermo Mata Amado<\/li>\r\n<li>Lic. Camilo Luin<\/li>\r\n<li>Dra. B\u00e1rbara Arroyo<\/li>\r\n<\/ul>\r\n<\/li>\r\n<\/ul>\r\n<p>&nbsp;<\/p>\r\n<p><img loading=\"lazy\" decoding=\"async\" title=\"Huun21\" src=\"https:\/\/popolvuh.ufm.edu\/wp-content\/uploads\/2021\/08\/Huun21-300x179.jpg\" alt=\"Huun21\" width=\"300\" height=\"179\" \/><\/p>\r\n<h2>Premio Hunn 2019<\/h2>\r\n<ul>\r\n<li>Redacci\u00f3n: Roberto Villalobos Viato<\/li>\r\n<li>Infograf\u00eda: Esteban Arreola<\/li>\r\n<li>T\u00edtulo del reportaje: Rostros M\u00e1gicos<\/li>\r\n<li>Publicado en: Prensa Libre, revista D, 26 de mayo del 2019<\/li>\r\n<li>Jurado calificador:\r\n<ul>\r\n<li>Dr. Guillermo Mata Amado<\/li>\r\n<li>Dra. B\u00e1rbara Arroyo<\/li>\r\n<li>Dr. Edgar Carpio<\/li>\r\n<\/ul>\r\n<\/li>\r\n<\/ul>\r\n<p><img loading=\"lazy\" decoding=\"async\" title=\"Rostros Magicos 1\" src=\"https:\/\/popolvuh.ufm.edu\/wp-content\/uploads\/2021\/08\/Rostros-Magicos-1-236x300.jpg\" alt=\"Rostros Magicos 1\" width=\"236\" height=\"300\" \/><\/p>\r\n<h2>Premio Hunn 2018<\/h2>\r\n<ul>\r\n<li>Redacci\u00f3n: Roberto Villalobos Viato y Jos\u00e9 Luis Escobar<\/li>\r\n<li>Infograf\u00eda: Kevin Ram\u00edrez y Benildo Concogu\u00e1<\/li>\r\n<li>T\u00edtulo del reportaje: Serie de Reportajes<\/li>\r\n<li>Publicado en: Prensa Libre, revista D, 9 de julio y 13 de agosto 2017<\/li>\r\n<li>Jurado calificador:\r\n<ul>\r\n<li>Lic. Camilo Luin<\/li>\r\n<li>Dra. B\u00e1rbara Arroyo<\/li>\r\n<li>Dr. Edgar Carpio<\/li>\r\n<\/ul>\r\n<\/li>\r\n<\/ul>\r\n<p>&nbsp;<\/p>\r\n<p><img loading=\"lazy\" decoding=\"async\" title=\"Screen Shot 2021-03-04 at 08.58.18\" src=\"https:\/\/popolvuh.ufm.edu\/wp-content\/uploads\/2021\/03\/Screen-Shot-2021-03-04-at-08.58.18-300x242.png\" alt=\"Screen Shot 2021-03-04 at 08.58.18\" width=\"300\" height=\"242\" \/><\/p>\r\n<h2>Premio Hunn 2017<\/h2>\r\n<ul>\r\n<li>Redacci\u00f3n: Sandra Vi<\/li>\r\n<li>Infograf\u00eda: Esteban Arreola<\/li>\r\n<li>T\u00edtulo del reportaje: El esp\u00edritu maya debajo de la capital<\/li>\r\n<li>Publicado en: Prensa Libre, secci\u00f3n ciudades, 2 p\u00e1ginas publicadas el 27 de mayo 2017<\/li>\r\n<li>Jurado calificador:\r\n<ul>\r\n<li>Dr. Guillermo Mata Amado<\/li>\r\n<li>Dra. B\u00e1rbara Arroyo<\/li>\r\n<li>Dr. Edgar Carpio<\/li>\r\n<\/ul>\r\n<\/li>\r\n<\/ul>\r\n<p>&nbsp;<\/p>\r\n<p><img loading=\"lazy\" decoding=\"async\" title=\"Huun17\" src=\"https:\/\/popolvuh.ufm.edu\/wp-content\/uploads\/2021\/08\/Huun17-300x176.jpg\" alt=\"Huun17\" width=\"300\" height=\"176\" \/><\/p>\r\n<h2>Premio Hunn 2016<\/h2>\r\n<ul>\r\n<li>Redacci\u00f3n: Claudia Palma<\/li>\r\n<li>Infograf\u00eda: Esteban Arreola<\/li>\r\n<li>T\u00edtulo del reportaje: May\u00e1polis: veinte ciudades de una de las culturas m\u00e1s importantes de la antig\u00fcedad<\/li>\r\n<li>Publicado en: Prensa Libre, 13 de septiembre 2015<\/li>\r\n<li>Jurado calificador:\r\n<ul>\r\n<li>Dr. Guillermo Mata Amado<\/li>\r\n<li>Dra. B\u00e1rbara Arroyo<\/li>\r\n<li>Dr. Edgar Carpio<\/li>\r\n<\/ul>\r\n<\/li>\r\n<\/ul>\r\n<p>&nbsp;<\/p>\r\n<p><img loading=\"lazy\" decoding=\"async\" title=\"Screen Shot 2021-08-04 at 17.33.06\" src=\"https:\/\/popolvuh.ufm.edu\/wp-content\/uploads\/2021\/08\/Screen-Shot-2021-08-04-at-17.33.06-300x207.png\" alt=\"Screen Shot 2021-08-04 at 17.33.06\" width=\"300\" height=\"207\" \/><\/p>\r\n<h2>Premio Hunn 2015<\/h2>\r\n<ul>\r\n<li>Redacci\u00f3n: Pedro Samayoa y Daniel Lux<\/li>\r\n<li>Infograf\u00eda: Pedro Samayoa y Daniel Lux<\/li>\r\n<li>T\u00edtulo del reportaje: Catedral de la fe del pueblo cat\u00f3lico<\/li>\r\n<li>Publicado en: Nuestro Diario, 4 p\u00e1ginas publicadas el 13 y el 14 de marzo de 2015<\/li>\r\n<li>Jurado calificador:\r\n<ul>\r\n<li>Dr. Guillermo Mata Amado<\/li>\r\n<li>Dra. B\u00e1rbara Arroyo<\/li>\r\n<li>Dr. Edgar Carpio<\/li>\r\n<\/ul>\r\n<\/li>\r\n<\/ul>\r\n<p>&nbsp;<\/p>\r\n<p><img loading=\"lazy\" decoding=\"async\" title=\"Huun15\" src=\"https:\/\/popolvuh.ufm.edu\/wp-content\/uploads\/2021\/08\/Huun15.jpg\" alt=\"Huun15\" width=\"442\" height=\"136\" \/><\/p>\r\n<h2>Premio Hunn 2014<\/h2>\r\n<ul>\r\n<li>Redacci\u00f3n: Luis Gil<\/li>\r\n<li>Infograf\u00eda: Nelson Xuy\u00e1, Pedro Samayoa<\/li>\r\n<li>T\u00edtulo del reportaje: La Ermita se viste de fiesta<\/li>\r\n<li>Publicado en: Nuestro Diario, 15 de julio de 2013<\/li>\r\n<li>Jurado calificador:\r\n<ul>\r\n<li>Dr. Guillermo Mata Amado<\/li>\r\n<li>Dra. B\u00e1rbara Arroyo<\/li>\r\n<li>Dr. Edgar Carpio<\/li>\r\n<\/ul>\r\n<\/li>\r\n<\/ul>\r\n<p>&nbsp;<\/p>\r\n<p><img loading=\"lazy\" decoding=\"async\" title=\"400_A\u00d1OS_CERRITO_150713_huun-1\" src=\"https:\/\/popolvuh.ufm.edu\/wp-content\/uploads\/2019\/07\/400_A\u00d1OS_CERRITO_150713_huun-1.jpg\" alt=\"400_A\u00d1OS_CERRITO_150713_huun-1\" width=\"300\" height=\"178\" \/><\/p>\r\n<h2>Premio Hunn 2013<\/h2>\r\n<ul>\r\n<li>Autora: Rosana Rojas<\/li>\r\n<li>Inf\u00f3grafos: Guillermo (Billy) Melgar, Nelson Xuy\u00e1, Julio Miguel Lago<\/li>\r\n<li>T\u00edtulo del reportaje: 13 Bakt\u00fan, el Inicio de una Nueva Era<\/li>\r\n<li>Publicado en: Prensa Libre, 30 de diciembre de 2012<\/li>\r\n<li>Jurado calificador:\r\n<ul>\r\n<li>Dr. Guillermo Mata Amado<\/li>\r\n<li>Dra. B\u00e1rbara Arroyo<\/li>\r\n<li>Dr. Edgar Carpio<\/li>\r\n<\/ul>\r\n<\/li>\r\n<\/ul>\r\n<p>&nbsp;<\/p>\r\n<p>&nbsp;<\/p>\r\n<p><img loading=\"lazy\" decoding=\"async\" title=\"IMG_6585_r\" src=\"https:\/\/popolvuh.ufm.edu\/wp-content\/uploads\/2019\/07\/IMG_6585_r.jpg\" alt=\"IMG_6585_r\" width=\"200\" height=\"300\" \/><\/p>\r\n<h2>Premio Hunn 2012<\/h2>\r\n<ul>\r\n<li>Autora: Ana Luc\u00eda Gonz\u00e1lez<\/li>\r\n<li>Fotograf\u00eda: Carlos Sebasti\u00e1n<\/li>\r\n<li>Editor: Gustavo Montenegro<\/li>\r\n<li>T\u00edtulo del reportaje: Arqueolog\u00eda Prehisp\u00e1nica, Tesoro Nacional<\/li>\r\n<li>Publicado en: Prensa Libre, 27 de mayo de 2012<\/li>\r\n<li>Jurado calificador:\r\n<ul>\r\n<li>Dra. B\u00e1rbara Arroyo<\/li>\r\n<li>Dr. Oswaldo Chinchilla<\/li>\r\n<li>Mstro. Edgar Carpio<\/li>\r\n<\/ul>\r\n<\/li>\r\n<\/ul>\r\n<p>&nbsp;<\/p>\r\n<p>&nbsp;<\/p>\r\n<p><img loading=\"lazy\" decoding=\"async\" title=\"Huun_2012\" src=\"https:\/\/popolvuh.ufm.edu\/wp-content\/uploads\/2019\/07\/Huun_2012.jpg\" alt=\"Huun_2012\" width=\"250\" height=\"167\" \/><\/p>\r\n<h2>Premio Hunn 2011<\/h2>\r\n<ul>\r\n<li>Autora: Lesly V\u00e9liz<\/li>\r\n<li>Ilustrador: Julio Miguel Lago<\/li>\r\n<li>T\u00edtulo del reportaje: Plaza de los 7 Templos reescribe la historia de Tikal<\/li>\r\n<li>Jurado calificador:\r\n<ul>\r\n<li>Dra. B\u00e1rbara Arroyo<\/li>\r\n<li>Dr. Guillermo Mata Amado<\/li>\r\n<li>Dr. Oswaldo Chinchilla<\/li>\r\n<\/ul>\r\n<\/li>\r\n<\/ul>\r\n<p>&nbsp;<\/p>\r\n<p>&nbsp;<\/p>\r\n<p><img loading=\"lazy\" decoding=\"async\" title=\"Huun2011web\" src=\"https:\/\/popolvuh.ufm.edu\/wp-content\/uploads\/2019\/07\/Huun2011web.jpg\" alt=\"Huun2011web\" width=\"200\" height=\"300\" \/><\/p>\r\n<h2>Premio Hunn 2010<\/h2>\r\n<ul>\r\n<li>Autor: Jos\u00e9 Luis Escobar<\/li>\r\n<li>T\u00edtulo del reportaje: Samabaj, un sitio sumergido en Atitl\u00e1n<\/li>\r\n<li>Publicado en: Magac\u00edn, Siglo XXI 20 de septiembre, 2009<\/li>\r\n<li>Jurado calificador:\r\n<ul>\r\n<li>Dra. B\u00e1rbara Arroyo<\/li>\r\n<li>Dr. Guillermo Mata Amado<\/li>\r\n<li>Dr. Oswaldo Chinchilla<\/li>\r\n<\/ul>\r\n<\/li>\r\n<\/ul>\r\n<p>&nbsp;<\/p>\r\n<p>&nbsp;<\/p>\r\n<p>&nbsp;<\/p>\r\n<p><img loading=\"lazy\" decoding=\"async\" title=\"Huun2010entrega\" src=\"https:\/\/popolvuh.ufm.edu\/wp-content\/uploads\/2019\/07\/Huun2010entrega.jpg\" alt=\"Huun2010entrega\" width=\"320\" height=\"237\" \/><\/p>\r\n<h2>Premio Hunn 2009<\/h2>\r\n<ul>\r\n<li>Autor: Roberto Villalobos<\/li>\r\n<li>Ilustraci\u00f3n: \u00c1ngel Garc\u00eda<\/li>\r\n<li>T\u00edtulo del reportaje: La Mujer Prehisp\u00e1nica<\/li>\r\n<li>Publicado en: Revista D, Prensa Libre 10 de mayo, 2009<\/li>\r\n<li>Jurado calificador:\r\n<ul>\r\n<li>Dra. B\u00e1rbara Arroyo<\/li>\r\n<li>Dr. Guillermo Mata Amado<\/li>\r\n<li>Dr. Oswaldo Chinchilla<\/li>\r\n<\/ul>\r\n<\/li>\r\n<\/ul>\r\n<p>&nbsp;<\/p>\r\n<p>&nbsp;<\/p>\r\n<p><img loading=\"lazy\" decoding=\"async\" title=\"Huun2009web175\" src=\"https:\/\/popolvuh.ufm.edu\/wp-content\/uploads\/2019\/07\/Huun2009web175.jpg\" alt=\"Huun2009web175\" width=\"200\" height=\"295\" \/><\/p>\r\n<h2>Premio Hunn 2008<\/h2>\r\n<ul>\r\n<li>Autora: Julieta Sandoval<\/li>\r\n<li>Infograf\u00eda: Billy Melgar<\/li>\r\n<li>Fotograf\u00eda: Carlos Sebasti\u00e1n<\/li>\r\n<li>T\u00edtulo del reportaje: La Puerta al Inframundo Maya<\/li>\r\n<li>Publicado en: Revista D, Prensa Libre 07 de octubre, 2007<\/li>\r\n<li>Jurado calificador:\r\n<ul>\r\n<li>Dra. B\u00e1rbara Arroyo<\/li>\r\n<li>Dr. Guillermo Mata Amado<\/li>\r\n<li>Dr. Oswaldo Chinchilla<\/li>\r\n<\/ul>\r\n<\/li>\r\n<\/ul>\r\n<p>&nbsp;<\/p>\r\n<p>&nbsp;<\/p>\r\n<p><img loading=\"lazy\" decoding=\"async\" title=\"Huunganadoresweb250\" src=\"https:\/\/popolvuh.ufm.edu\/wp-content\/uploads\/2019\/07\/Huunganadoresweb250.jpg\" alt=\"Huunganadoresweb250\" width=\"200\" height=\"267\" \/><\/p>\r\n<h2>Premio Hunn 2007<\/h2>\r\n<ul>\r\n<li>Autores: Gemma Gil Flores<\/li>\r\n<li>Ilustraci\u00f3n: \u00c1ngel Garc\u00eda<\/li>\r\n<li>Fotograf\u00eda: Carlos Sebasti\u00e1n<\/li>\r\n<li>T\u00edtulo del reportaje: La Reina Guerrera<\/li>\r\n<li>Publicado en: Revista D, Prensa Libre 27 de mayo, 2007<\/li>\r\n<li>Jurado calificador:\r\n<ul>\r\n<li>Dra. B\u00e1rbara Arroyo<\/li>\r\n<li>Dr. Guillermo Mata Amado<\/li>\r\n<li>Dr. Oswaldo Chinchilla<\/li>\r\n<\/ul>\r\n<\/li>\r\n<\/ul>\r\n<p>&nbsp;<\/p>\r\n<p>&nbsp;<\/p>\r\n<p><img loading=\"lazy\" decoding=\"async\" title=\"070727_hunn\" src=\"https:\/\/popolvuh.ufm.edu\/wp-content\/uploads\/2019\/07\/070727_hunn.jpg\" alt=\"070727_hunn\" width=\"200\" height=\"225\" \/><\/p>\r\n<h2>Premio Hunn 2006<\/h2>\r\n<ul>\r\n<li>Autores: Gemma Gil Flores y S\u00e9bastien Perrot-Minnot<\/li>\r\n<li>Fotoarte: Dennys Mej\u00eda<\/li>\r\n<li>T\u00edtulo del reportaje: El conde explorador<\/li>\r\n<li>Publicado en: Revista D, Prensa Libre 20 noviembre, 2005<\/li>\r\n<li>Jurado calificador:\r\n<ul>\r\n<li>Dra. B\u00e1rbara Arroyo<\/li>\r\n<li>Mtro. Edgar Carpio<\/li>\r\n<li>Dr. Oswaldo Chinchilla<\/li>\r\n<\/ul>\r\n<\/li>\r\n<\/ul>\r\n<p>&nbsp;<\/p>\r\n<p>&nbsp;<\/p>\r\n<p><img loading=\"lazy\" decoding=\"async\" title=\"070727_hunn\" src=\"https:\/\/popolvuh.ufm.edu\/wp-content\/uploads\/2019\/07\/070727_hunn.jpg\" alt=\"070727_hunn\" width=\"200\" height=\"225\" \/><\/p>\r\n<h2>Premio Hunn 2005<\/h2>\r\n<ul>\r\n<li>Autora: Liliana Pellicer<\/li>\r\n<li>Fotos: Carlos Sebasti\u00e1n<\/li>\r\n<li>Infograf\u00eda: Astrid M\u00e9ndez<\/li>\r\n<li>T\u00edtulo del reportaje: Relatos de Saqueadores: Mercaderes de tesoros<\/li>\r\n<li>Publicado en: Revista D No. 23, Prensa Libre 12 de diciembre, 2004<\/li>\r\n<li>Jurado calificador:\r\n<ul>\r\n<li>Dr. Guillermo Mata Amado<\/li>\r\n<li>Lic. Christa Schieber de Lavarreda<\/li>\r\n<li>Dr. Oswaldo Chinchilla<\/li>\r\n<\/ul>\r\n<\/li>\r\n<\/ul>\r\n<p>&nbsp;<\/p>\r\n<p>&nbsp;<\/p>\r\n<p><img loading=\"lazy\" decoding=\"async\" title=\"Fotohuun01\" src=\"https:\/\/popolvuh.ufm.edu\/wp-content\/uploads\/2019\/07\/Fotohuun01.jpg\" alt=\"Fotohuun01\" width=\"200\" height=\"198\" \/><\/p>\r\n<h2>Premio Hunn 2004<\/h2>\r\n<ul>\r\n<li>Autora: Lesly V\u00e9liz<\/li>\r\n<li>Ilustrador: Billy Melgar<\/li>\r\n<li>T\u00edtulo del reportaje: Hallazgos Cambian Teor\u00edas del Precl\u00e1sico<\/li>\r\n<\/ul>\r\n<p>Historia de los mayas se transforma al surgir nuevas ciudades<\/p>\r\n<ul>\r\n<li>Publicado en: Siglo XXI, 9 de mayo de 2004<\/li>\r\n<li>Jurado calificador:\r\n<ul>\r\n<li>Dr. Guillermo Mata Amado<\/li>\r\n<li>Dra. B\u00e1rbara Arroyo<\/li>\r\n<li>Dr. Oswaldo Chinchilla<\/li>\r\n<\/ul>\r\n<\/li>\r\n<\/ul>\r\n<p>&nbsp;<\/p>\r\n<p>&nbsp;<\/p>\r\n<p><img loading=\"lazy\" decoding=\"async\" title=\"Huun2004\" src=\"https:\/\/popolvuh.ufm.edu\/wp-content\/uploads\/2019\/07\/Huun2004.jpg\" alt=\"Huun2004\" width=\"200\" height=\"246\" \/><\/p>\r\n<h2>Premio Hunn 2003<\/h2>\r\n<ul>\r\n<li>Autora: Ingrid Rold\u00e1n<\/li>\r\n<li>Ilustradora: Mishell Chang<\/li>\r\n<li>T\u00edtulo del reportaje: Hallazgo Arqueol\u00f3gico: Proyecto de la USAC estudia sitios en la cuenca del Motagua<\/li>\r\n<li>Publicado en: Prensa Libre, 26 de mayo de 2003<\/li>\r\n<li>Jurado calificador:\r\n<ul>\r\n<li>Dr. Guillermo Mata Amado<\/li>\r\n<li>Dra. B\u00e1rbara Arroyo<\/li>\r\n<li>Dr. Oswaldo Chinchilla<\/li>\r\n<\/ul>\r\n<\/li>\r\n<\/ul>\r\n<p>&nbsp;<\/p>\r\n<p>&nbsp;<\/p>\r\n<p><img loading=\"lazy\" decoding=\"async\" title=\"Hunn2003\" src=\"https:\/\/popolvuh.ufm.edu\/wp-content\/uploads\/2019\/07\/Hunn2003.jpg\" alt=\"Hunn2003\" width=\"200\" height=\"303\" \/><\/p>\r\n","protected":false},"excerpt":{"rendered":"<p>\u00a0 En 2003, el Museo Popol Vuh instituy\u00f3 el Premio Huun para la Prensa Arqueol\u00f3gica de Guatemala, que se entrega anualmente a los autores del mejor reportaje de prensa escrita sobre un tema relacionado con la conservaci\u00f3n, investigaci\u00f3n y divulgaci\u00f3n de la arqueolog\u00eda de Guatemala. Por medio de este premio, se pretende estimular el inter\u00e9s&hellip;<\/p>\n","protected":false},"author":1,"featured_media":0,"parent":64,"menu_order":0,"comment_status":"closed","ping_status":"closed","template":"","meta":{"footnotes":""},"class_list":["post-75","page","type-page","status-publish","hentry"],"yoast_head":"<!-- This site is optimized with the Yoast SEO plugin v21.8 - https:\/\/yoast.com\/wordpress\/plugins\/seo\/ -->\n<title>Premios - Museo Popol Vuh<\/title>\n<meta name=\"robots\" content=\"index, follow, max-snippet:-1, max-image-preview:large, max-video-preview:-1\" \/>\n<link rel=\"canonical\" href=\"https:\/\/popolvuh.ufm.edu\/exhibiciones-y-condecoraciones\/premio-huun-v2\/\" \/>\n<meta property=\"og:locale\" content=\"es_ES\" \/>\n<meta property=\"og:type\" content=\"article\" \/>\n<meta property=\"og:title\" content=\"Premios - Museo Popol Vuh\" \/>\n<meta property=\"og:description\" content=\"\u00a0 En 2003, el Museo Popol Vuh instituy\u00f3 el Premio Huun para la Prensa Arqueol\u00f3gica de Guatemala, que se entrega anualmente a los autores del mejor reportaje de prensa escrita sobre un tema relacionado con la conservaci\u00f3n, investigaci\u00f3n y divulgaci\u00f3n de la arqueolog\u00eda de Guatemala. Por medio de este premio, se pretende estimular el inter\u00e9s&hellip;\" \/>\n<meta property=\"og:url\" content=\"https:\/\/popolvuh.ufm.edu\/exhibiciones-y-condecoraciones\/premio-huun-v2\/\" \/>\n<meta property=\"og:site_name\" content=\"Museo Popol Vuh\" \/>\n<meta property=\"article:publisher\" content=\"https:\/\/popolvuh.ufm.edu\/wp-content\/uploads\/2024\/04\/UFM-MUSEO-POPOL-VUH.png\" \/>\n<meta property=\"article:modified_time\" content=\"2026-02-17T14:59:29+00:00\" \/>\n<meta property=\"og:image\" content=\"https:\/\/popolvuh.ufm.edu\/wp-content\/uploads\/2021\/08\/Huun21-300x179.jpg\" \/>\n<meta name=\"twitter:card\" content=\"summary_large_image\" \/>\n<meta name=\"twitter:label1\" content=\"Est. reading time\" \/>\n\t<meta name=\"twitter:data1\" content=\"9 minutos\" \/>\n<script type=\"application\/ld+json\" class=\"yoast-schema-graph\">{\"@context\":\"https:\/\/schema.org\",\"@graph\":[{\"@type\":\"WebPage\",\"@id\":\"https:\/\/popolvuh.ufm.edu\/exhibiciones-y-condecoraciones\/premio-huun-v2\/\",\"url\":\"https:\/\/popolvuh.ufm.edu\/exhibiciones-y-condecoraciones\/premio-huun-v2\/\",\"name\":\"Premios - Museo Popol Vuh\",\"isPartOf\":{\"@id\":\"https:\/\/popolvuh.ufm.edu\/#website\"},\"datePublished\":\"2019-05-30T18:02:53+00:00\",\"dateModified\":\"2026-02-17T14:59:29+00:00\",\"breadcrumb\":{\"@id\":\"https:\/\/popolvuh.ufm.edu\/exhibiciones-y-condecoraciones\/premio-huun-v2\/#breadcrumb\"},\"inLanguage\":\"es\",\"potentialAction\":[{\"@type\":\"ReadAction\",\"target\":[\"https:\/\/popolvuh.ufm.edu\/exhibiciones-y-condecoraciones\/premio-huun-v2\/\"]}]},{\"@type\":\"BreadcrumbList\",\"@id\":\"https:\/\/popolvuh.ufm.edu\/exhibiciones-y-condecoraciones\/premio-huun-v2\/#breadcrumb\",\"itemListElement\":[{\"@type\":\"ListItem\",\"position\":1,\"name\":\"Inicio\",\"item\":\"https:\/\/popolvuh.ufm.edu\/\"},{\"@type\":\"ListItem\",\"position\":2,\"name\":\"Exhibiciones y condecoraciones\",\"item\":\"https:\/\/popolvuh.ufm.edu\/exhibiciones-y-condecoraciones\/\"},{\"@type\":\"ListItem\",\"position\":3,\"name\":\"Premios\"}]},{\"@type\":\"WebSite\",\"@id\":\"https:\/\/popolvuh.ufm.edu\/#website\",\"url\":\"https:\/\/popolvuh.ufm.edu\/\",\"name\":\"Museo Popol Vuh\",\"description\":\"El Museo Popol Vuh ofrece al visitante un recorrido \u00fanico por la historia de Guatemala, ilustrada por medio de una de las mejores colecciones de arte prehisp\u00e1nico y colonial del pa\u00eds.\",\"publisher\":{\"@id\":\"https:\/\/popolvuh.ufm.edu\/#organization\"},\"potentialAction\":[{\"@type\":\"SearchAction\",\"target\":{\"@type\":\"EntryPoint\",\"urlTemplate\":\"https:\/\/popolvuh.ufm.edu\/?s={search_term_string}\"},\"query-input\":\"required name=search_term_string\"}],\"inLanguage\":\"es\"},{\"@type\":\"Organization\",\"@id\":\"https:\/\/popolvuh.ufm.edu\/#organization\",\"name\":\"Museo Popol Vuh\",\"url\":\"https:\/\/popolvuh.ufm.edu\/\",\"logo\":{\"@type\":\"ImageObject\",\"inLanguage\":\"es\",\"@id\":\"https:\/\/popolvuh.ufm.edu\/#\/schema\/logo\/image\/\",\"url\":\"https:\/\/popolvuh.ufm.edu\/wp-content\/uploads\/2024\/04\/UFM-MUSEO-POPOL-VUH.png\",\"contentUrl\":\"https:\/\/popolvuh.ufm.edu\/wp-content\/uploads\/2024\/04\/UFM-MUSEO-POPOL-VUH.png\",\"width\":200,\"height\":200,\"caption\":\"Museo Popol Vuh\"},\"image\":{\"@id\":\"https:\/\/popolvuh.ufm.edu\/#\/schema\/logo\/image\/\"},\"sameAs\":[\"https:\/\/popolvuh.ufm.edu\/wp-content\/uploads\/2024\/04\/UFM-MUSEO-POPOL-VUH.png\"]}]}<\/script>\n<!-- \/ Yoast SEO plugin. -->","yoast_head_json":{"title":"Premios - Museo Popol Vuh","robots":{"index":"index","follow":"follow","max-snippet":"max-snippet:-1","max-image-preview":"max-image-preview:large","max-video-preview":"max-video-preview:-1"},"canonical":"https:\/\/popolvuh.ufm.edu\/exhibiciones-y-condecoraciones\/premio-huun-v2\/","og_locale":"es_ES","og_type":"article","og_title":"Premios - Museo Popol Vuh","og_description":"\u00a0 En 2003, el Museo Popol Vuh instituy\u00f3 el Premio Huun para la Prensa Arqueol\u00f3gica de Guatemala, que se entrega anualmente a los autores del mejor reportaje de prensa escrita sobre un tema relacionado con la conservaci\u00f3n, investigaci\u00f3n y divulgaci\u00f3n de la arqueolog\u00eda de Guatemala. Por medio de este premio, se pretende estimular el inter\u00e9s&hellip;","og_url":"https:\/\/popolvuh.ufm.edu\/exhibiciones-y-condecoraciones\/premio-huun-v2\/","og_site_name":"Museo Popol Vuh","article_publisher":"https:\/\/popolvuh.ufm.edu\/wp-content\/uploads\/2024\/04\/UFM-MUSEO-POPOL-VUH.png","article_modified_time":"2026-02-17T14:59:29+00:00","og_image":[{"url":"https:\/\/popolvuh.ufm.edu\/wp-content\/uploads\/2021\/08\/Huun21-300x179.jpg"}],"twitter_card":"summary_large_image","twitter_misc":{"Est. reading time":"9 minutos"},"schema":{"@context":"https:\/\/schema.org","@graph":[{"@type":"WebPage","@id":"https:\/\/popolvuh.ufm.edu\/exhibiciones-y-condecoraciones\/premio-huun-v2\/","url":"https:\/\/popolvuh.ufm.edu\/exhibiciones-y-condecoraciones\/premio-huun-v2\/","name":"Premios - Museo Popol Vuh","isPartOf":{"@id":"https:\/\/popolvuh.ufm.edu\/#website"},"datePublished":"2019-05-30T18:02:53+00:00","dateModified":"2026-02-17T14:59:29+00:00","breadcrumb":{"@id":"https:\/\/popolvuh.ufm.edu\/exhibiciones-y-condecoraciones\/premio-huun-v2\/#breadcrumb"},"inLanguage":"es","potentialAction":[{"@type":"ReadAction","target":["https:\/\/popolvuh.ufm.edu\/exhibiciones-y-condecoraciones\/premio-huun-v2\/"]}]},{"@type":"BreadcrumbList","@id":"https:\/\/popolvuh.ufm.edu\/exhibiciones-y-condecoraciones\/premio-huun-v2\/#breadcrumb","itemListElement":[{"@type":"ListItem","position":1,"name":"Inicio","item":"https:\/\/popolvuh.ufm.edu\/"},{"@type":"ListItem","position":2,"name":"Exhibiciones y condecoraciones","item":"https:\/\/popolvuh.ufm.edu\/exhibiciones-y-condecoraciones\/"},{"@type":"ListItem","position":3,"name":"Premios"}]},{"@type":"WebSite","@id":"https:\/\/popolvuh.ufm.edu\/#website","url":"https:\/\/popolvuh.ufm.edu\/","name":"Museo Popol Vuh","description":"El Museo Popol Vuh ofrece al visitante un recorrido \u00fanico por la historia de Guatemala, ilustrada por medio de una de las mejores colecciones de arte prehisp\u00e1nico y colonial del pa\u00eds.","publisher":{"@id":"https:\/\/popolvuh.ufm.edu\/#organization"},"potentialAction":[{"@type":"SearchAction","target":{"@type":"EntryPoint","urlTemplate":"https:\/\/popolvuh.ufm.edu\/?s={search_term_string}"},"query-input":"required name=search_term_string"}],"inLanguage":"es"},{"@type":"Organization","@id":"https:\/\/popolvuh.ufm.edu\/#organization","name":"Museo Popol Vuh","url":"https:\/\/popolvuh.ufm.edu\/","logo":{"@type":"ImageObject","inLanguage":"es","@id":"https:\/\/popolvuh.ufm.edu\/#\/schema\/logo\/image\/","url":"https:\/\/popolvuh.ufm.edu\/wp-content\/uploads\/2024\/04\/UFM-MUSEO-POPOL-VUH.png","contentUrl":"https:\/\/popolvuh.ufm.edu\/wp-content\/uploads\/2024\/04\/UFM-MUSEO-POPOL-VUH.png","width":200,"height":200,"caption":"Museo Popol Vuh"},"image":{"@id":"https:\/\/popolvuh.ufm.edu\/#\/schema\/logo\/image\/"},"sameAs":["https:\/\/popolvuh.ufm.edu\/wp-content\/uploads\/2024\/04\/UFM-MUSEO-POPOL-VUH.png"]}]}},"_links":{"self":[{"href":"https:\/\/popolvuh.ufm.edu\/index.php?rest_route=\/wp\/v2\/pages\/75","targetHints":{"allow":["GET"]}}],"collection":[{"href":"https:\/\/popolvuh.ufm.edu\/index.php?rest_route=\/wp\/v2\/pages"}],"about":[{"href":"https:\/\/popolvuh.ufm.edu\/index.php?rest_route=\/wp\/v2\/types\/page"}],"author":[{"embeddable":true,"href":"https:\/\/popolvuh.ufm.edu\/index.php?rest_route=\/wp\/v2\/users\/1"}],"replies":[{"embeddable":true,"href":"https:\/\/popolvuh.ufm.edu\/index.php?rest_route=%2Fwp%2Fv2%2Fcomments&post=75"}],"version-history":[{"count":81,"href":"https:\/\/popolvuh.ufm.edu\/index.php?rest_route=\/wp\/v2\/pages\/75\/revisions"}],"predecessor-version":[{"id":17634,"href":"https:\/\/popolvuh.ufm.edu\/index.php?rest_route=\/wp\/v2\/pages\/75\/revisions\/17634"}],"up":[{"embeddable":true,"href":"https:\/\/popolvuh.ufm.edu\/index.php?rest_route=\/wp\/v2\/pages\/64"}],"wp:attachment":[{"href":"https:\/\/popolvuh.ufm.edu\/index.php?rest_route=%2Fwp%2Fv2%2Fmedia&parent=75"}],"curies":[{"name":"wp","href":"https:\/\/api.w.org\/{rel}","templated":true}]}}