{"id":69,"date":"2019-05-30T18:01:50","date_gmt":"2019-05-30T18:01:50","guid":{"rendered":"https:\/\/popolvuh.ufm.edu\/?page_id=69"},"modified":"2025-12-09T14:15:08","modified_gmt":"2025-12-09T14:15:08","slug":"conferencias","status":"publish","type":"page","link":"https:\/\/popolvuh.ufm.edu\/?page_id=69","title":{"rendered":"Conferencias"},"content":{"rendered":"\n\n\t\n<p> Algunos conferencistas de 2019<\/p>\n<ul>\n<li>\n<figure><img decoding=\"async\" src=\"https:\/\/popolvuh.ufm.edu\/wp-content\/uploads\/2020\/01\/CONFE_01_300px.jpg\" alt=\"\" data-id=\"1755\" data-link=\"https:\/\/popolvuh.ufm.edu\/exhibiciones-y-condecoraciones\/conferencias\/confe_01_300px\/\"\/><\/figure>\n<\/li>\n<li>\n<figure><img decoding=\"async\" src=\"https:\/\/popolvuh.ufm.edu\/wp-content\/uploads\/2020\/01\/CONFE_03_300px.jpg\" alt=\"\" data-id=\"1757\" data-link=\"https:\/\/popolvuh.ufm.edu\/exhibiciones-y-condecoraciones\/conferencias\/confe_03_300px\/\"\/><\/figure>\n<\/li>\n<\/ul>\n<h3><strong>Ciclo de Conferencias 2020<\/strong><\/h3>\n<hr \/>\n<table>\n<tbody>\n<tr>\n<th>Fecha<\/th>\n<th>Tema<\/th>\n<\/tr>\n<tr>\n<td>27 de febrero<\/td>\n<td><a href=\"https:\/\/popolvuh.ufm.edu\/actividad\/conferencia-acercandonos-al-origen-dinastico-de-el-peru-waka\/\">Acercandonos al or\u00edgen din\u00e1stico de El Per\u00fa-Waka&#8217;<\/a><br \/><strong>Juan Carlos P\u00e9rez, Griselda P\u00e9rez, David Fridel y Damaris Men\u00e9ndez<\/strong><\/td>\n<\/tr>\n<tr>\n<td>26 de marzo<\/td>\n<td><a href=\"https:\/\/popolvuh.ufm.edu\/actividad\/visita-nocturna-al-museo-popol-vuh\/\">Visita nocturna al Museo Popol Vuh <\/a><br \/><strong>Por el curador Camilo A. Luin<\/strong><\/td>\n<\/tr>\n<tr>\n<td>30 de abril<\/td>\n<td>Arte ritual y comercio de los antiguos mayas de Alta Verap\u00e1z<br \/><strong>Brent Woodfill<\/strong><\/td>\n<\/tr>\n<tr>\n<td>28 de mayo<\/td>\n<td>Alucin\u00f3genos rituales entre los mayas<br \/><strong>Miguel Torres<\/strong><\/td>\n<\/tr>\n<tr>\n<td>27 de agosto<\/td>\n<td>Patrimonio de la ciudad de Guatemala<br \/><strong>B\u00e1rbara Arroyo<\/strong><\/td>\n<\/tr>\n<tr>\n<td>24 de septiembre<\/td>\n<td>El descanso eterno en la eterna primavera: los cementerios guatemaltecos<br \/><strong>Claudia Quintanilla<\/strong><\/td>\n<\/tr>\n<tr>\n<td>23 de octubre<\/td>\n<td><a href=\"https:\/\/popolvuh.ufm.edu\/actividad\/conferencia-virtual-los-murales-de-chajul-el-quiche-resultados-de-los-recientes-trabajos-de-conservacion-y-documentacion-del-excepcional-arte-maya-ixil\/\">Los murales de Chajul, El Quich\u00e9: resultados de los recientes trabajos de conservaci\u00f3n y documentaci\u00f3n del excepcional arte maya ixil <\/a>\u00a0 <br \/><strong>Jaros\u0142aw \u0179ra\u0142ka<\/strong><\/td>\n<\/tr>\n<tr>\n<td>26 de noviembre<\/td>\n<td>El baile con serpientes entre los mayas: cambios y continuidades <br \/><strong>Roberto Romero<\/strong><\/td>\n<\/tr>\n<\/tbody>\n<\/table>\n<p><strong>Lugar:<\/strong>&nbsp;Museo Popol Vuh, Universidad Francisco Marroqu\u00edn, 6 Calle final, zona 10 <\/p>\n<p><strong>Contribuci\u00f3n:<\/strong>&nbsp;Adultos Q 30; Estudiantes y\/o gu\u00edas de turismo Q 15; Estacionamiento Q 30 por hora o tarifa \u00fanica Q 40. <\/p>\n<p> Vea los&nbsp;Videos&nbsp;de conferencias anteriores <\/p>\n\n","protected":false},"excerpt":{"rendered":"<p>Algunos conferencistas de 2019 Ciclo de Conferencias 2020 Fecha Tema 27 de febrero Acercandonos al or\u00edgen din\u00e1stico de El Per\u00fa-Waka&#8217;Juan Carlos P\u00e9rez, Griselda P\u00e9rez, David Fridel y Damaris Men\u00e9ndez 26 de marzo Visita nocturna al Museo Popol Vuh Por el curador Camilo A. Luin 30 de abril Arte ritual y comercio de los antiguos mayas&hellip;<\/p>\n","protected":false},"author":1,"featured_media":0,"parent":64,"menu_order":0,"comment_status":"closed","ping_status":"closed","template":"","meta":{"footnotes":""},"class_list":["post-69","page","type-page","status-publish","hentry"],"yoast_head":"<!-- This site is optimized with the Yoast SEO plugin v21.8 - https:\/\/yoast.com\/wordpress\/plugins\/seo\/ -->\n<title>Conferencias - Museo Popol Vuh<\/title>\n<meta name=\"robots\" content=\"index, follow, max-snippet:-1, max-image-preview:large, max-video-preview:-1\" \/>\n<link rel=\"canonical\" href=\"https:\/\/popolvuh.ufm.edu\/exhibiciones-y-condecoraciones\/conferencias\/\" \/>\n<meta property=\"og:locale\" content=\"es_ES\" \/>\n<meta property=\"og:type\" content=\"article\" \/>\n<meta property=\"og:title\" content=\"Conferencias - Museo Popol Vuh\" \/>\n<meta property=\"og:description\" content=\"Algunos conferencistas de 2019 Ciclo de Conferencias 2020 Fecha Tema 27 de febrero Acercandonos al or\u00edgen din\u00e1stico de El Per\u00fa-Waka&#8217;Juan Carlos P\u00e9rez, Griselda P\u00e9rez, David Fridel y Damaris Men\u00e9ndez 26 de marzo Visita nocturna al Museo Popol Vuh Por el curador Camilo A. Luin 30 de abril Arte ritual y comercio de los antiguos mayas&hellip;\" \/>\n<meta property=\"og:url\" content=\"https:\/\/popolvuh.ufm.edu\/exhibiciones-y-condecoraciones\/conferencias\/\" \/>\n<meta property=\"og:site_name\" content=\"Museo Popol Vuh\" \/>\n<meta property=\"article:publisher\" content=\"https:\/\/popolvuh.ufm.edu\/wp-content\/uploads\/2024\/04\/UFM-MUSEO-POPOL-VUH.png\" \/>\n<meta property=\"article:modified_time\" content=\"2025-12-09T14:15:08+00:00\" \/>\n<meta property=\"og:image\" content=\"https:\/\/popolvuh.ufm.edu\/wp-content\/uploads\/2020\/01\/CONFE_01_300px.jpg\" \/>\n<meta name=\"twitter:card\" content=\"summary_large_image\" \/>\n<meta name=\"twitter:label1\" content=\"Est. reading time\" \/>\n\t<meta name=\"twitter:data1\" content=\"1 minuto\" \/>\n<script type=\"application\/ld+json\" class=\"yoast-schema-graph\">{\"@context\":\"https:\/\/schema.org\",\"@graph\":[{\"@type\":\"WebPage\",\"@id\":\"https:\/\/popolvuh.ufm.edu\/exhibiciones-y-condecoraciones\/conferencias\/\",\"url\":\"https:\/\/popolvuh.ufm.edu\/exhibiciones-y-condecoraciones\/conferencias\/\",\"name\":\"Conferencias - Museo Popol Vuh\",\"isPartOf\":{\"@id\":\"https:\/\/popolvuh.ufm.edu\/#website\"},\"datePublished\":\"2019-05-30T18:01:50+00:00\",\"dateModified\":\"2025-12-09T14:15:08+00:00\",\"breadcrumb\":{\"@id\":\"https:\/\/popolvuh.ufm.edu\/exhibiciones-y-condecoraciones\/conferencias\/#breadcrumb\"},\"inLanguage\":\"es\",\"potentialAction\":[{\"@type\":\"ReadAction\",\"target\":[\"https:\/\/popolvuh.ufm.edu\/exhibiciones-y-condecoraciones\/conferencias\/\"]}]},{\"@type\":\"BreadcrumbList\",\"@id\":\"https:\/\/popolvuh.ufm.edu\/exhibiciones-y-condecoraciones\/conferencias\/#breadcrumb\",\"itemListElement\":[{\"@type\":\"ListItem\",\"position\":1,\"name\":\"Inicio\",\"item\":\"https:\/\/popolvuh.ufm.edu\/\"},{\"@type\":\"ListItem\",\"position\":2,\"name\":\"Exhibiciones y condecoraciones\",\"item\":\"https:\/\/popolvuh.ufm.edu\/exhibiciones-y-condecoraciones\/\"},{\"@type\":\"ListItem\",\"position\":3,\"name\":\"Conferencias\"}]},{\"@type\":\"WebSite\",\"@id\":\"https:\/\/popolvuh.ufm.edu\/#website\",\"url\":\"https:\/\/popolvuh.ufm.edu\/\",\"name\":\"Museo Popol Vuh\",\"description\":\"El Museo Popol Vuh ofrece al visitante un recorrido \u00fanico por la historia de Guatemala, ilustrada por medio de una de las mejores colecciones de arte prehisp\u00e1nico y colonial del pa\u00eds.\",\"publisher\":{\"@id\":\"https:\/\/popolvuh.ufm.edu\/#organization\"},\"potentialAction\":[{\"@type\":\"SearchAction\",\"target\":{\"@type\":\"EntryPoint\",\"urlTemplate\":\"https:\/\/popolvuh.ufm.edu\/?s={search_term_string}\"},\"query-input\":\"required name=search_term_string\"}],\"inLanguage\":\"es\"},{\"@type\":\"Organization\",\"@id\":\"https:\/\/popolvuh.ufm.edu\/#organization\",\"name\":\"Museo Popol Vuh\",\"url\":\"https:\/\/popolvuh.ufm.edu\/\",\"logo\":{\"@type\":\"ImageObject\",\"inLanguage\":\"es\",\"@id\":\"https:\/\/popolvuh.ufm.edu\/#\/schema\/logo\/image\/\",\"url\":\"https:\/\/popolvuh.ufm.edu\/wp-content\/uploads\/2024\/04\/UFM-MUSEO-POPOL-VUH.png\",\"contentUrl\":\"https:\/\/popolvuh.ufm.edu\/wp-content\/uploads\/2024\/04\/UFM-MUSEO-POPOL-VUH.png\",\"width\":200,\"height\":200,\"caption\":\"Museo Popol Vuh\"},\"image\":{\"@id\":\"https:\/\/popolvuh.ufm.edu\/#\/schema\/logo\/image\/\"},\"sameAs\":[\"https:\/\/popolvuh.ufm.edu\/wp-content\/uploads\/2024\/04\/UFM-MUSEO-POPOL-VUH.png\"]}]}<\/script>\n<!-- \/ Yoast SEO plugin. -->","yoast_head_json":{"title":"Conferencias - Museo Popol Vuh","robots":{"index":"index","follow":"follow","max-snippet":"max-snippet:-1","max-image-preview":"max-image-preview:large","max-video-preview":"max-video-preview:-1"},"canonical":"https:\/\/popolvuh.ufm.edu\/exhibiciones-y-condecoraciones\/conferencias\/","og_locale":"es_ES","og_type":"article","og_title":"Conferencias - Museo Popol Vuh","og_description":"Algunos conferencistas de 2019 Ciclo de Conferencias 2020 Fecha Tema 27 de febrero Acercandonos al or\u00edgen din\u00e1stico de El Per\u00fa-Waka&#8217;Juan Carlos P\u00e9rez, Griselda P\u00e9rez, David Fridel y Damaris Men\u00e9ndez 26 de marzo Visita nocturna al Museo Popol Vuh Por el curador Camilo A. Luin 30 de abril Arte ritual y comercio de los antiguos mayas&hellip;","og_url":"https:\/\/popolvuh.ufm.edu\/exhibiciones-y-condecoraciones\/conferencias\/","og_site_name":"Museo Popol Vuh","article_publisher":"https:\/\/popolvuh.ufm.edu\/wp-content\/uploads\/2024\/04\/UFM-MUSEO-POPOL-VUH.png","article_modified_time":"2025-12-09T14:15:08+00:00","og_image":[{"url":"https:\/\/popolvuh.ufm.edu\/wp-content\/uploads\/2020\/01\/CONFE_01_300px.jpg"}],"twitter_card":"summary_large_image","twitter_misc":{"Est. reading time":"1 minuto"},"schema":{"@context":"https:\/\/schema.org","@graph":[{"@type":"WebPage","@id":"https:\/\/popolvuh.ufm.edu\/exhibiciones-y-condecoraciones\/conferencias\/","url":"https:\/\/popolvuh.ufm.edu\/exhibiciones-y-condecoraciones\/conferencias\/","name":"Conferencias - Museo Popol Vuh","isPartOf":{"@id":"https:\/\/popolvuh.ufm.edu\/#website"},"datePublished":"2019-05-30T18:01:50+00:00","dateModified":"2025-12-09T14:15:08+00:00","breadcrumb":{"@id":"https:\/\/popolvuh.ufm.edu\/exhibiciones-y-condecoraciones\/conferencias\/#breadcrumb"},"inLanguage":"es","potentialAction":[{"@type":"ReadAction","target":["https:\/\/popolvuh.ufm.edu\/exhibiciones-y-condecoraciones\/conferencias\/"]}]},{"@type":"BreadcrumbList","@id":"https:\/\/popolvuh.ufm.edu\/exhibiciones-y-condecoraciones\/conferencias\/#breadcrumb","itemListElement":[{"@type":"ListItem","position":1,"name":"Inicio","item":"https:\/\/popolvuh.ufm.edu\/"},{"@type":"ListItem","position":2,"name":"Exhibiciones y condecoraciones","item":"https:\/\/popolvuh.ufm.edu\/exhibiciones-y-condecoraciones\/"},{"@type":"ListItem","position":3,"name":"Conferencias"}]},{"@type":"WebSite","@id":"https:\/\/popolvuh.ufm.edu\/#website","url":"https:\/\/popolvuh.ufm.edu\/","name":"Museo Popol Vuh","description":"El Museo Popol Vuh ofrece al visitante un recorrido \u00fanico por la historia de Guatemala, ilustrada por medio de una de las mejores colecciones de arte prehisp\u00e1nico y colonial del pa\u00eds.","publisher":{"@id":"https:\/\/popolvuh.ufm.edu\/#organization"},"potentialAction":[{"@type":"SearchAction","target":{"@type":"EntryPoint","urlTemplate":"https:\/\/popolvuh.ufm.edu\/?s={search_term_string}"},"query-input":"required name=search_term_string"}],"inLanguage":"es"},{"@type":"Organization","@id":"https:\/\/popolvuh.ufm.edu\/#organization","name":"Museo Popol Vuh","url":"https:\/\/popolvuh.ufm.edu\/","logo":{"@type":"ImageObject","inLanguage":"es","@id":"https:\/\/popolvuh.ufm.edu\/#\/schema\/logo\/image\/","url":"https:\/\/popolvuh.ufm.edu\/wp-content\/uploads\/2024\/04\/UFM-MUSEO-POPOL-VUH.png","contentUrl":"https:\/\/popolvuh.ufm.edu\/wp-content\/uploads\/2024\/04\/UFM-MUSEO-POPOL-VUH.png","width":200,"height":200,"caption":"Museo Popol Vuh"},"image":{"@id":"https:\/\/popolvuh.ufm.edu\/#\/schema\/logo\/image\/"},"sameAs":["https:\/\/popolvuh.ufm.edu\/wp-content\/uploads\/2024\/04\/UFM-MUSEO-POPOL-VUH.png"]}]}},"_links":{"self":[{"href":"https:\/\/popolvuh.ufm.edu\/index.php?rest_route=\/wp\/v2\/pages\/69","targetHints":{"allow":["GET"]}}],"collection":[{"href":"https:\/\/popolvuh.ufm.edu\/index.php?rest_route=\/wp\/v2\/pages"}],"about":[{"href":"https:\/\/popolvuh.ufm.edu\/index.php?rest_route=\/wp\/v2\/types\/page"}],"author":[{"embeddable":true,"href":"https:\/\/popolvuh.ufm.edu\/index.php?rest_route=\/wp\/v2\/users\/1"}],"replies":[{"embeddable":true,"href":"https:\/\/popolvuh.ufm.edu\/index.php?rest_route=%2Fwp%2Fv2%2Fcomments&post=69"}],"version-history":[{"count":41,"href":"https:\/\/popolvuh.ufm.edu\/index.php?rest_route=\/wp\/v2\/pages\/69\/revisions"}],"predecessor-version":[{"id":17530,"href":"https:\/\/popolvuh.ufm.edu\/index.php?rest_route=\/wp\/v2\/pages\/69\/revisions\/17530"}],"up":[{"embeddable":true,"href":"https:\/\/popolvuh.ufm.edu\/index.php?rest_route=\/wp\/v2\/pages\/64"}],"wp:attachment":[{"href":"https:\/\/popolvuh.ufm.edu\/index.php?rest_route=%2Fwp%2Fv2%2Fmedia&parent=69"}],"curies":[{"name":"wp","href":"https:\/\/api.w.org\/{rel}","templated":true}]}}