{"id":62,"date":"2019-05-30T17:56:03","date_gmt":"2019-05-30T17:56:03","guid":{"rendered":"https:\/\/popolvuh.ufm.edu\/?page_id=62"},"modified":"2025-12-09T14:16:39","modified_gmt":"2025-12-09T14:16:39","slug":"publicaciones","status":"publish","type":"page","link":"https:\/\/popolvuh.ufm.edu\/?page_id=62","title":{"rendered":"Publicaciones"},"content":{"rendered":"\n\n\t<section>\n<figure>\n<figure><img decoding=\"async\" src=\"https:\/\/popolvuh.ufm.edu\/wp-content\/uploads\/2022\/07\/Screen-Shot-2022-07-13-at-16.42.21.png\" alt=\"\"\/><\/figure>\n<\/figure>\n<h2 id=\"libro-para-pintar-la-historia-del-arte-guatemalteco-contada-a-los-ninos\">Libro para pintar&nbsp;<em>La historia del arte guatemalteco contada a los ni\u00f1os<\/em><\/h2>\n<p><strong>Carlos Morales Cruz<\/strong><\/p>\n<p>Con el libro\u00a0<em>La historia del arte guatemalteco contada a los ni\u00f1os<\/em>, los chicos de 8 a 10 a\u00f1os podr\u00e1n conocer, por medio de las obras en las colecciones de diversos museos de Guatemala, algunos de los m\u00e1ximos exponentes de la historia del arte en Guatemala y las caracter\u00edsticas de los distintos movimientos que influyeron en este desde la \u00e9poca prehisp\u00e1nica hasta la contempor\u00e1nea. Al mismo tiempo, a trav\u00e9s de variadas actividades did\u00e1cticas con las que podr\u00e1n desarrollar sus capacidades art\u00edstico-creativas y alimentar su curiosidad en torno al tema, lograr\u00e1n reforzar lo aprendido. Se espera que el libro pueda servir como incentivo a las generaciones m\u00e1s j\u00f3venes, para que sigan explorando el arte y la cultura del pa\u00eds, y que, a la vez, ayude a incrementar el n\u00famero de visitantes a los museos.<\/p>\n<p>Revisi\u00f3n de estilo por Patricia Rosmundo.<\/p>\n<p><a href=\"https:\/\/popolvuh.ufm.edu\/wp-content\/uploads\/2022\/07\/TESIS-2021.pdf\">Descargar en PDF<\/a><\/p>\n<\/section>\n<section>\n<figure><img decoding=\"async\" src=\"https:\/\/popolvuh.ufm.edu\/wp-content\/uploads\/2019\/07\/ImagenComicPopolVuh.png\" alt=\"\"\/><\/figure>\n<h2 id=\"comic-ilustrado-del-popol-vuh\">C\u00f3mic ilustrado del Popol Vuh<\/h2>\n<p><strong>Rina Arenales<\/strong><br \/>Comic ilustrado, donde relata de una forma breve y espec\u00edfica la historia del Popol Vuh con un lenguaje adecuado para ni\u00f1os.<\/p>\n<p><a href=\"https:\/\/popolvuh.ufm.edu\/wp-content\/uploads\/2019\/07\/COMIC_POPOL_VUH-ilovepdf-compressed.pdf\">Descargar en PDF<\/a><\/p>\n<\/section>\n<hr \/>\n<section>\n<figure><img decoding=\"async\" src=\"https:\/\/popolvuh.ufm.edu\/wp-content\/uploads\/2019\/07\/Portadaamati250.jpg\" alt=\"\"\/><\/figure>\n<h2 id=\"arqueologia-subacuatica\">Arqueolog\u00eda Subacu\u00e1tica<\/h2>\n<p><strong>Guillermo Mata Amado<\/strong><\/p>\n<p>Los lagos Amatitl\u00e1n y Atitl\u00e1n guardan dep\u00f3sitos arqueol\u00f3gicos que dan testimonio de la vida y las creencias religiosas de quienes habitaron sus respectivas cuencas a lo largo de los siglos. En este libro se presenta por primera vez una muestra de los extraordinarios objetos recuperados en las profundidades de ambos lagos.<\/p>\n<p>Espa\u00f1ol<\/p>\n<p>Pasta Suave, 243 p\u00e1ginas.<\/p>\n<p><strong>Precio: Q225.00<\/strong><\/p>\n<\/section>\n<hr \/>\n<section>\n<figure><img decoding=\"async\" src=\"https:\/\/popolvuh.ufm.edu\/wp-content\/uploads\/2019\/07\/Portadaimagenes.jpg\" alt=\"\"\/><\/figure>\n<h2 id=\"imagenes-de-la-mitologia-maya\">Im\u00e1genes de la Mitolog\u00eda Maya<\/h2>\n<p><strong>Oswaldo Chinchilla Mazariegos<\/strong><\/p>\n<p>Un recorrido a trav\u00e9s del arte y la religi\u00f3n de los mayas, con fotograf\u00edas y dibujos de alta calidad, acompa\u00f1ados de interpretaciones s\u00f3lidas y detalladas.<\/p>\n<p>Espa\u00f1ol<\/p>\n<p>Pasta dura, 256 p\u00e1ginas, 106 ilustraciones. 2011.<\/p>\n<p><strong>Precio: Q450.00<\/strong><\/p>\n<\/section>\n<hr \/>\n<section>\n<figure><img decoding=\"async\" src=\"https:\/\/popolvuh.ufm.edu\/wp-content\/uploads\/2019\/07\/Portadaguiamuseo.jpg\" alt=\"\"\/><\/figure>\n<h2 id=\"guia-del-visitante\">Gu\u00eda del Visitante<\/h2>\n<p>Gu\u00eda del visitante en el Museo Popol Vuh, con abundantes ilustraciones a todo color.<\/p>\n<p>Espa\u00f1ol\/Ingl\u00e9s<\/p>\n<p>Pasta suave, 72 p\u00e1ginas, 77 fotograf\u00edas a color. Incluye plano del museo. 2003.<\/p>\n<p><strong>Precio: Q125.00 (Agotado)<\/strong><\/p>\n<\/section>\n<hr \/>\n<section>\n<figure><img decoding=\"async\" src=\"https:\/\/popolvuh.ufm.edu\/wp-content\/uploads\/2019\/07\/PortadaLibroActi2014_160pp.jpg\" alt=\"\"\/><\/figure>\n<h2 id=\"libro-de-actividades\">Libro de Actividades<\/h2>\n<p>Este es un libro creado para los peque\u00f1os amigos del Museo Popol Vuh. Aqu\u00ed se muestran piezas que se encuentran dentro de las salas de exhibici\u00f3n del Museo. El libro contiene actividades e informaci\u00f3n sobre los mayas y la \u00e9poca colonial.<\/p>\n<p>Espa\u00f1ol Sexta Edici\u00f3n, 2015<\/p>\n<p>Pasta suave, 16 p\u00e1ginas, blanco y negro.<\/p>\n<p><strong>Precio: Q10.00<\/strong><\/p>\n<\/section>\n<hr \/>\n<section>\n<figure><img decoding=\"async\" src=\"https:\/\/popolvuh.ufm.edu\/wp-content\/uploads\/2019\/07\/Kakaw06web.jpg\" alt=\"\"\/><\/figure>\n<h2 id=\"kakaw-el-chocolate-en-la-cultura-de-guatemala\">Kakaw: El Chocolate en la Cultura de Guatemala<\/h2>\n<p>Cat\u00e1logo de exhibici\u00f3n especial, incluye fotograf\u00edas de algunas obras del museo, introducci\u00f3n por Michael D. Coe y ensayos por Cameron McNeil, Luis Luj\u00e1n Mu\u00f1oz y Oswaldo Chinchilla.<\/p>\n<p>Espa\u00f1ol\/Ingl\u00e9s Segunda Edici\u00f3n, 2006<\/p>\n<p>Pasta suave, 25 p\u00e1ginas, 31fotograf\u00edas a color. Bibliograf\u00eda.<\/p>\n<p><strong>Precio: Q60.00<\/strong><\/p>\n<\/section>\n<hr \/>\n<section>\n<figure><img decoding=\"async\" src=\"https:\/\/popolvuh.ufm.edu\/wp-content\/uploads\/2019\/07\/Diosesdelpopol.jpg\" alt=\"\"\/><\/figure>\n<h2 id=\"los-dioses-del-popol-vuh-en-el-arte-maya-clasico\">Los Dioses del Popol Vuh en el Arte Maya Cl\u00e1sico<\/h2>\n<p><strong>Oswaldo Chinchilla Mazariegos<\/strong><\/p>\n<p>Cat\u00e1logo de exhibici\u00f3n especial que incluye algunas de las obras maestras del museo. Incluye siete fotograf\u00edas digitales rollout por Nicholas Hellmuth.<\/p>\n<p>Espa\u00f1ol\/Ingl\u00e9s 2003<\/p>\n<p>Pasta suave, 20 p\u00e1ginas, 17 fotograf\u00edas a color. Bibliograf\u00eda.<\/p>\n<p><strong>Precio: Q50.00<\/strong><\/p>\n<\/section>\n<hr \/>\n<section>\n<figure><img decoding=\"async\" src=\"https:\/\/popolvuh.ufm.edu\/wp-content\/uploads\/2019\/07\/Invierno.jpg\" alt=\"\"\/><\/figure>\n<h2 id=\"un-invierno-en-centroamerica-y-mexico\">Un Invierno en Centroam\u00e9rica y M\u00e9xico<\/h2>\n<p><strong>Helen J. Sanborn, con fotograf\u00edas de Eadweard Muybridge<\/strong><\/p>\n<p>Diario de viaje de Helen J. Sanborn, que describi\u00f3 c\u00e1ndidamente su visita a Guatemala en 1886, con detalles valiosos sobre los inicios del cultivo del caf\u00e9. Edici\u00f3n cuidadosamente producida, e ilustrada con fotograf\u00edas de Eadweard Muybridge, que son un testimonio invaluable de la sociedad guatemalteca del siglo XIX.<\/p>\n<p>Espa\u00f1ol\/Ingl\u00e9s 1996<\/p>\n<p>Pasta suave, 20 p\u00e1ginas, 17 fotograf\u00edas a color. Bibliograf\u00eda.<\/p>\n<p><strong>Precio: Q290.00 espa\u00f1ol (Agotado); Q290.00 ingl\u00e9s.<\/strong><\/p>\n<\/section>\n<hr \/>\n<section>\n<figure><img decoding=\"async\" src=\"https:\/\/popolvuh.ufm.edu\/wp-content\/uploads\/2019\/07\/Historiadelarte.jpg\" alt=\"\"\/><\/figure>\n<h2 id=\"historia-del-arte-en-guatemala-arquitectura-pintura-y-escultura\">Historia del Arte en Guatemala: Arquitectura, Pintura y Escultura<\/h2>\n<p><strong>Ernesto Chinchilla Aguilar<\/strong><\/p>\n<p>Tercera edici\u00f3n de una obra cl\u00e1sica sobre la historia del arte en Guatemala, con nuevas ilustraciones e \u00edndice alfab\u00e9tico.<\/p>\n<p>Espa\u00f1ol Tercera edici\u00f3n, 2002<\/p>\n<p>Pasta suave, 256 p\u00e1ginas, 15 fotograf\u00edas a color y 83 fotograf\u00edas en blanco y negro.<\/p>\n<p><strong>Precio: Q80.00<\/strong><\/p>\n<\/section>\n<hr \/>\n<h2 id=\"serie-conferencias-del-museo-popol-vuh\">Serie Conferencias del Museo Popol Vuh<\/h2>\n<p>Textos basados en las conferencias impartidas como parte de los ciclos de conferencias mensuales del Museo Popol Vuh, sobre temas de arqueolog\u00eda, arte e historia de Guatemala.<\/p>\n<p><strong>Rosa Helena Chinchilla<\/strong><br \/><a href=\"https:\/\/popolvuh.ufm.edu\/images\/1\/12\/Chinchilla2006.pdf\"><\/a><a href=\"https:\/\/popolvuh.ufm.edu\/wp-content\/uploads\/2019\/07\/Chinchilla2006.pdf\">Pinturas Emblem\u00e1ticas y Fiestas Teatrales en la Epoca Colonial<\/a><\/p>\n<p><strong>Michael Love<\/strong><br \/><a href=\"https:\/\/popolvuh.ufm.edu\/wp-content\/uploads\/2019\/07\/Love2005.pdf\">Los Olmecas en la Costa Sur de Guatemala<\/a>&nbsp;<\/p>\n<p><strong>St\u00f6ckli, Matthias<\/strong><br \/><a href=\"https:\/\/popolvuh.ufm.edu\/wp-content\/uploads\/2019\/07\/COMIC_POPOL_VUH-ilovepdf-compressed.pdf\">\u00bfM\u00fasica Maya Prehisp\u00e1nica? Incursiones en la Arqueomusicolog\u00eda&nbsp;<br \/><\/a><\/p>\n<p><strong>Saturno, Williams<\/strong><br \/><a href=\"https:\/\/popolvuh.ufm.edu\/wp-content\/uploads\/2019\/07\/SaturnoSB.pdf\">Nuevos Descubrimientos en San Bartolo, Pet\u00e9n<\/a>&nbsp;<\/p>\n<p><strong>Nelson, Zachary<\/strong><br \/><a href=\"https:\/\/popolvuh.ufm.edu\/wp-content\/uploads\/2019\/07\/NelsonKJ.pdf\">La Acr\u00f3polis de Kaminaljuy\u00fa: Historia y Reconstrucci\u00f3n (310kb)<\/a><\/p>\n<p><strong>Freidel, David<\/strong><br \/><a href=\"https:\/\/popolvuh.ufm.edu\/wp-content\/uploads\/2019\/07\/WakaFreidel.pdf\">Encrucijada de Conquistadores: Investigaciones recientes en El Per\u00fa\/Waka&#8217;<\/a><\/p>\n<p><strong>Akkeren, Ruud van<\/strong><br \/><a href=\"https:\/\/popolvuh.ufm.edu\/wp-content\/uploads\/2019\/07\/AkkerenTU.pdf\">Tecum Umam \u00bfPersonaje M\u00edtico o Hist\u00f3rico?&nbsp;<\/a><\/p>\n<hr \/>\n<h2 id=\"serie-arqueologia-de-la-costa-sur\">Serie Arqueolog\u00eda de la Costa Sur<\/h2>\n<p>Art\u00edculos cient\u00edficos derivados de trabajos recientes de investigaci\u00f3n arqueol\u00f3gica realizados en la costa sur de Guatemala.<\/p>\n<p><strong>Chinchilla, Oswaldo, Elisa Mencos, Jorge C\u00e1rcamo y Jos\u00e9 Vicente Genovez<\/strong><br \/><a href=\"https:\/\/popolvuh.ufm.edu\/wp-content\/uploads\/2019\/07\/Costasur01.pdf\">Paisaje y Asentamientos en Cotzumalguapa<\/a>&nbsp;<\/p>\n<p><strong>Chinchilla, Oswaldo y Jos\u00e9 Vicente Genovez<\/strong><br \/><a href=\"https:\/\/popolvuh.ufm.edu\/wp-content\/uploads\/2019\/07\/Costasur02.pdf\">Pueblos Perdidos: Cotzumalguapa en el Lienzo de Quauhquechollan<\/a><\/p>\n\n","protected":false},"excerpt":{"rendered":"<p>Libro para pintar&nbsp;La historia del arte guatemalteco contada a los ni\u00f1os Carlos Morales Cruz Con el libro\u00a0La historia del arte guatemalteco contada a los ni\u00f1os, los chicos de 8 a 10 a\u00f1os podr\u00e1n conocer, por medio de las obras en las colecciones de diversos museos de Guatemala, algunos de los m\u00e1ximos exponentes de la historia&hellip;<\/p>\n","protected":false},"author":1,"featured_media":0,"parent":56,"menu_order":0,"comment_status":"closed","ping_status":"closed","template":"","meta":{"footnotes":""},"class_list":["post-62","page","type-page","status-publish","hentry"],"yoast_head":"<!-- This site is optimized with the Yoast SEO plugin v21.8 - https:\/\/yoast.com\/wordpress\/plugins\/seo\/ -->\n<title>Publicaciones - Museo Popol Vuh<\/title>\n<meta name=\"robots\" content=\"index, follow, max-snippet:-1, max-image-preview:large, max-video-preview:-1\" \/>\n<link rel=\"canonical\" href=\"https:\/\/popolvuh.ufm.edu\/investigacion\/publicaciones\/\" \/>\n<meta property=\"og:locale\" content=\"es_ES\" \/>\n<meta property=\"og:type\" content=\"article\" \/>\n<meta property=\"og:title\" content=\"Publicaciones - Museo Popol Vuh\" \/>\n<meta property=\"og:description\" content=\"Libro para pintar&nbsp;La historia del arte guatemalteco contada a los ni\u00f1os Carlos Morales Cruz Con el libro\u00a0La historia del arte guatemalteco contada a los ni\u00f1os, los chicos de 8 a 10 a\u00f1os podr\u00e1n conocer, por medio de las obras en las colecciones de diversos museos de Guatemala, algunos de los m\u00e1ximos exponentes de la historia&hellip;\" \/>\n<meta property=\"og:url\" content=\"https:\/\/popolvuh.ufm.edu\/investigacion\/publicaciones\/\" \/>\n<meta property=\"og:site_name\" content=\"Museo Popol Vuh\" \/>\n<meta property=\"article:publisher\" content=\"https:\/\/popolvuh.ufm.edu\/wp-content\/uploads\/2024\/04\/UFM-MUSEO-POPOL-VUH.png\" \/>\n<meta property=\"article:modified_time\" content=\"2025-12-09T14:16:39+00:00\" \/>\n<meta property=\"og:image\" content=\"https:\/\/popolvuh.ufm.edu\/wp-content\/uploads\/2022\/07\/Screen-Shot-2022-07-13-at-16.42.21.png\" \/>\n<meta name=\"twitter:card\" content=\"summary_large_image\" \/>\n<meta name=\"twitter:label1\" content=\"Est. reading time\" \/>\n\t<meta name=\"twitter:data1\" content=\"6 minutos\" \/>\n<script type=\"application\/ld+json\" class=\"yoast-schema-graph\">{\"@context\":\"https:\/\/schema.org\",\"@graph\":[{\"@type\":\"WebPage\",\"@id\":\"https:\/\/popolvuh.ufm.edu\/investigacion\/publicaciones\/\",\"url\":\"https:\/\/popolvuh.ufm.edu\/investigacion\/publicaciones\/\",\"name\":\"Publicaciones - Museo Popol Vuh\",\"isPartOf\":{\"@id\":\"https:\/\/popolvuh.ufm.edu\/#website\"},\"datePublished\":\"2019-05-30T17:56:03+00:00\",\"dateModified\":\"2025-12-09T14:16:39+00:00\",\"breadcrumb\":{\"@id\":\"https:\/\/popolvuh.ufm.edu\/investigacion\/publicaciones\/#breadcrumb\"},\"inLanguage\":\"es\",\"potentialAction\":[{\"@type\":\"ReadAction\",\"target\":[\"https:\/\/popolvuh.ufm.edu\/investigacion\/publicaciones\/\"]}]},{\"@type\":\"BreadcrumbList\",\"@id\":\"https:\/\/popolvuh.ufm.edu\/investigacion\/publicaciones\/#breadcrumb\",\"itemListElement\":[{\"@type\":\"ListItem\",\"position\":1,\"name\":\"Inicio\",\"item\":\"https:\/\/popolvuh.ufm.edu\/\"},{\"@type\":\"ListItem\",\"position\":2,\"name\":\"Investigaci\u00f3n\",\"item\":\"https:\/\/popolvuh.ufm.edu\/investigacion\/\"},{\"@type\":\"ListItem\",\"position\":3,\"name\":\"Publicaciones\"}]},{\"@type\":\"WebSite\",\"@id\":\"https:\/\/popolvuh.ufm.edu\/#website\",\"url\":\"https:\/\/popolvuh.ufm.edu\/\",\"name\":\"Museo Popol Vuh\",\"description\":\"El Museo Popol Vuh ofrece al visitante un recorrido \u00fanico por la historia de Guatemala, ilustrada por medio de una de las mejores colecciones de arte prehisp\u00e1nico y colonial del pa\u00eds.\",\"publisher\":{\"@id\":\"https:\/\/popolvuh.ufm.edu\/#organization\"},\"potentialAction\":[{\"@type\":\"SearchAction\",\"target\":{\"@type\":\"EntryPoint\",\"urlTemplate\":\"https:\/\/popolvuh.ufm.edu\/?s={search_term_string}\"},\"query-input\":\"required name=search_term_string\"}],\"inLanguage\":\"es\"},{\"@type\":\"Organization\",\"@id\":\"https:\/\/popolvuh.ufm.edu\/#organization\",\"name\":\"Museo Popol Vuh\",\"url\":\"https:\/\/popolvuh.ufm.edu\/\",\"logo\":{\"@type\":\"ImageObject\",\"inLanguage\":\"es\",\"@id\":\"https:\/\/popolvuh.ufm.edu\/#\/schema\/logo\/image\/\",\"url\":\"https:\/\/popolvuh.ufm.edu\/wp-content\/uploads\/2024\/04\/UFM-MUSEO-POPOL-VUH.png\",\"contentUrl\":\"https:\/\/popolvuh.ufm.edu\/wp-content\/uploads\/2024\/04\/UFM-MUSEO-POPOL-VUH.png\",\"width\":200,\"height\":200,\"caption\":\"Museo Popol Vuh\"},\"image\":{\"@id\":\"https:\/\/popolvuh.ufm.edu\/#\/schema\/logo\/image\/\"},\"sameAs\":[\"https:\/\/popolvuh.ufm.edu\/wp-content\/uploads\/2024\/04\/UFM-MUSEO-POPOL-VUH.png\"]}]}<\/script>\n<!-- \/ Yoast SEO plugin. -->","yoast_head_json":{"title":"Publicaciones - Museo Popol Vuh","robots":{"index":"index","follow":"follow","max-snippet":"max-snippet:-1","max-image-preview":"max-image-preview:large","max-video-preview":"max-video-preview:-1"},"canonical":"https:\/\/popolvuh.ufm.edu\/investigacion\/publicaciones\/","og_locale":"es_ES","og_type":"article","og_title":"Publicaciones - Museo Popol Vuh","og_description":"Libro para pintar&nbsp;La historia del arte guatemalteco contada a los ni\u00f1os Carlos Morales Cruz Con el libro\u00a0La historia del arte guatemalteco contada a los ni\u00f1os, los chicos de 8 a 10 a\u00f1os podr\u00e1n conocer, por medio de las obras en las colecciones de diversos museos de Guatemala, algunos de los m\u00e1ximos exponentes de la historia&hellip;","og_url":"https:\/\/popolvuh.ufm.edu\/investigacion\/publicaciones\/","og_site_name":"Museo Popol Vuh","article_publisher":"https:\/\/popolvuh.ufm.edu\/wp-content\/uploads\/2024\/04\/UFM-MUSEO-POPOL-VUH.png","article_modified_time":"2025-12-09T14:16:39+00:00","og_image":[{"url":"https:\/\/popolvuh.ufm.edu\/wp-content\/uploads\/2022\/07\/Screen-Shot-2022-07-13-at-16.42.21.png"}],"twitter_card":"summary_large_image","twitter_misc":{"Est. reading time":"6 minutos"},"schema":{"@context":"https:\/\/schema.org","@graph":[{"@type":"WebPage","@id":"https:\/\/popolvuh.ufm.edu\/investigacion\/publicaciones\/","url":"https:\/\/popolvuh.ufm.edu\/investigacion\/publicaciones\/","name":"Publicaciones - Museo Popol Vuh","isPartOf":{"@id":"https:\/\/popolvuh.ufm.edu\/#website"},"datePublished":"2019-05-30T17:56:03+00:00","dateModified":"2025-12-09T14:16:39+00:00","breadcrumb":{"@id":"https:\/\/popolvuh.ufm.edu\/investigacion\/publicaciones\/#breadcrumb"},"inLanguage":"es","potentialAction":[{"@type":"ReadAction","target":["https:\/\/popolvuh.ufm.edu\/investigacion\/publicaciones\/"]}]},{"@type":"BreadcrumbList","@id":"https:\/\/popolvuh.ufm.edu\/investigacion\/publicaciones\/#breadcrumb","itemListElement":[{"@type":"ListItem","position":1,"name":"Inicio","item":"https:\/\/popolvuh.ufm.edu\/"},{"@type":"ListItem","position":2,"name":"Investigaci\u00f3n","item":"https:\/\/popolvuh.ufm.edu\/investigacion\/"},{"@type":"ListItem","position":3,"name":"Publicaciones"}]},{"@type":"WebSite","@id":"https:\/\/popolvuh.ufm.edu\/#website","url":"https:\/\/popolvuh.ufm.edu\/","name":"Museo Popol Vuh","description":"El Museo Popol Vuh ofrece al visitante un recorrido \u00fanico por la historia de Guatemala, ilustrada por medio de una de las mejores colecciones de arte prehisp\u00e1nico y colonial del pa\u00eds.","publisher":{"@id":"https:\/\/popolvuh.ufm.edu\/#organization"},"potentialAction":[{"@type":"SearchAction","target":{"@type":"EntryPoint","urlTemplate":"https:\/\/popolvuh.ufm.edu\/?s={search_term_string}"},"query-input":"required name=search_term_string"}],"inLanguage":"es"},{"@type":"Organization","@id":"https:\/\/popolvuh.ufm.edu\/#organization","name":"Museo Popol Vuh","url":"https:\/\/popolvuh.ufm.edu\/","logo":{"@type":"ImageObject","inLanguage":"es","@id":"https:\/\/popolvuh.ufm.edu\/#\/schema\/logo\/image\/","url":"https:\/\/popolvuh.ufm.edu\/wp-content\/uploads\/2024\/04\/UFM-MUSEO-POPOL-VUH.png","contentUrl":"https:\/\/popolvuh.ufm.edu\/wp-content\/uploads\/2024\/04\/UFM-MUSEO-POPOL-VUH.png","width":200,"height":200,"caption":"Museo Popol Vuh"},"image":{"@id":"https:\/\/popolvuh.ufm.edu\/#\/schema\/logo\/image\/"},"sameAs":["https:\/\/popolvuh.ufm.edu\/wp-content\/uploads\/2024\/04\/UFM-MUSEO-POPOL-VUH.png"]}]}},"_links":{"self":[{"href":"https:\/\/popolvuh.ufm.edu\/index.php?rest_route=\/wp\/v2\/pages\/62","targetHints":{"allow":["GET"]}}],"collection":[{"href":"https:\/\/popolvuh.ufm.edu\/index.php?rest_route=\/wp\/v2\/pages"}],"about":[{"href":"https:\/\/popolvuh.ufm.edu\/index.php?rest_route=\/wp\/v2\/types\/page"}],"author":[{"embeddable":true,"href":"https:\/\/popolvuh.ufm.edu\/index.php?rest_route=\/wp\/v2\/users\/1"}],"replies":[{"embeddable":true,"href":"https:\/\/popolvuh.ufm.edu\/index.php?rest_route=%2Fwp%2Fv2%2Fcomments&post=62"}],"version-history":[{"count":25,"href":"https:\/\/popolvuh.ufm.edu\/index.php?rest_route=\/wp\/v2\/pages\/62\/revisions"}],"predecessor-version":[{"id":17536,"href":"https:\/\/popolvuh.ufm.edu\/index.php?rest_route=\/wp\/v2\/pages\/62\/revisions\/17536"}],"up":[{"embeddable":true,"href":"https:\/\/popolvuh.ufm.edu\/index.php?rest_route=\/wp\/v2\/pages\/56"}],"wp:attachment":[{"href":"https:\/\/popolvuh.ufm.edu\/index.php?rest_route=%2Fwp%2Fv2%2Fmedia&parent=62"}],"curies":[{"name":"wp","href":"https:\/\/api.w.org\/{rel}","templated":true}]}}