{"id":52,"date":"2019-05-30T17:46:09","date_gmt":"2019-05-30T17:46:09","guid":{"rendered":"https:\/\/popolvuh.ufm.edu\/?page_id=52"},"modified":"2025-12-09T14:14:13","modified_gmt":"2025-12-09T14:14:13","slug":"voluntariado-docente","status":"publish","type":"page","link":"https:\/\/popolvuh.ufm.edu\/?page_id=52","title":{"rendered":"Voluntariado docente"},"content":{"rendered":"\n\n\t<h2>Int\u00e9grese a nuestro equipo<\/h2>\n<p>Los voluntarios docentes del Museo Popol Vuh participan de manera directa y comprometida en la labor de contribuir a la misi\u00f3n del museo en el \u00e1rea de divulgaci\u00f3n y educaci\u00f3n de nuestro pasado arqueol\u00f3gico y colonial entre los j\u00f3venes visitantes. Integran este grupo cuarenta personas interesadas en los temas de arqueolog\u00eda y arte colonial. Les motiva la oportunidad de trabajar con ni\u00f1os y j\u00f3venes, a los que brindan generosamente parte de su tiempo.<\/p>\n<p>Los miembros del voluntariado ampl\u00edan sus conocimientos y desarrollan al m\u00e1ximo su potencial, por medio de su participaci\u00f3n en cursos de capacitaci\u00f3n y nivelaci\u00f3n, sin costo, as\u00ed como clases avanzadas, en los que los voluntarios disfrutan de una cuota reducida. Adem\u00e1s, las voluntarias y voluntarios reciben descuentos en la tienda del museo y son los primeros invitados para viajes y excursiones educativas.<\/p>\n<ul>\n<li>\n<figure><img decoding=\"async\" src=\"https:\/\/popolvuh.ufm.edu\/wp-content\/uploads\/2020\/01\/Voluntariado02_300px.jpg\" alt=\"\" data-id=\"1725\" data-link=\"https:\/\/popolvuh.ufm.edu\/educacion\/voluntariado-docente\/voluntariado02_300px\/\"\/><figcaption>Capacitaci\u00f3n constante. <\/figcaption><\/figure>\n<\/li>\n<li>\n<figure><img decoding=\"async\" src=\"https:\/\/popolvuh.ufm.edu\/wp-content\/uploads\/2020\/01\/Voluntariado03_300px.jpg\" alt=\"\" data-id=\"1726\" data-link=\"https:\/\/popolvuh.ufm.edu\/educacion\/voluntariado-docente\/voluntariado03_300px\/\"\/><figcaption>Visitas a sitios arqueol\u00f3gicos. <\/figcaption><\/figure>\n<\/li>\n<\/ul>\n<hr \/>\n<figure><img decoding=\"async\" src=\"https:\/\/popolvuh.ufm.edu\/wp-content\/uploads\/2020\/01\/Nuevosvoluntarios20-01_450px.jpg\" alt=\"\"\/><\/figure>\n<hr \/>\n<h2>Actividades del Voluntariado<\/h2>\n<p><strong>Conductores de Visitas y Talleres Escolares<\/strong><\/p>\n<p>Los voluntarios actuando como gu\u00edas recorren con los escolares las salas del museo explicando diferentes facetas de las \u00e9pocas prehisp\u00e1nica y colonial de acuerdo a la opci\u00f3n escogida por sus maestros o imparten talleres que complementan la informaci\u00f3n que se les proporcion\u00f3 durante la visita guiada.<\/p>\n<p><strong>Apoyo en Educaci\u00f3n, Divulgaci\u00f3n e Investigaci\u00f3n<\/strong><\/p>\n<p> Varios voluntarios colaboran desarrollando material educativo, nuevos cursos y talleres, conferencias, traducciones de material escrito y escribiendo art\u00edculos para revistas. Los voluntarios y estudiantes universitarios pueden colaborar en programas de investigaci\u00f3n del museo.<\/p>\n<ul>\n<li>\n<figure><img decoding=\"async\" src=\"https:\/\/popolvuh.ufm.edu\/wp-content\/uploads\/2020\/01\/Voluntariado04_300px-1.jpg\" alt=\"\" data-id=\"1730\" data-link=\"https:\/\/popolvuh.ufm.edu\/educacion\/voluntariado-docente\/voluntariado04_300px-1\/\"\/><figcaption>Recorrido guiado.<\/figcaption><\/figure>\n<\/li>\n<li>\n<figure><img decoding=\"async\" src=\"https:\/\/popolvuh.ufm.edu\/wp-content\/uploads\/2020\/01\/Voluntariado01_300px-1.jpg\" alt=\"\" data-id=\"1731\" data-link=\"https:\/\/popolvuh.ufm.edu\/educacion\/voluntariado-docente\/voluntariado01_300px-1\/\"\/><figcaption>Equipo de voluntarios 2019.<\/figcaption><\/figure>\n<\/li>\n<\/ul>\n\n","protected":false},"excerpt":{"rendered":"<p>Int\u00e9grese a nuestro equipo Los voluntarios docentes del Museo Popol Vuh participan de manera directa y comprometida en la labor de contribuir a la misi\u00f3n del museo en el \u00e1rea de divulgaci\u00f3n y educaci\u00f3n de nuestro pasado arqueol\u00f3gico y colonial entre los j\u00f3venes visitantes. Integran este grupo cuarenta personas interesadas en los temas de arqueolog\u00eda&hellip;<\/p>\n","protected":false},"author":1,"featured_media":0,"parent":47,"menu_order":0,"comment_status":"closed","ping_status":"closed","template":"","meta":{"footnotes":""},"class_list":["post-52","page","type-page","status-publish","hentry"],"yoast_head":"<!-- This site is optimized with the Yoast SEO plugin v21.8 - https:\/\/yoast.com\/wordpress\/plugins\/seo\/ -->\n<title>Voluntariado docente - Museo Popol Vuh<\/title>\n<meta name=\"robots\" content=\"index, follow, max-snippet:-1, max-image-preview:large, max-video-preview:-1\" \/>\n<link rel=\"canonical\" href=\"https:\/\/popolvuh.ufm.edu\/educacion\/voluntariado-docente\/\" \/>\n<meta property=\"og:locale\" content=\"es_ES\" \/>\n<meta property=\"og:type\" content=\"article\" \/>\n<meta property=\"og:title\" content=\"Voluntariado docente - Museo Popol Vuh\" \/>\n<meta property=\"og:description\" content=\"Int\u00e9grese a nuestro equipo Los voluntarios docentes del Museo Popol Vuh participan de manera directa y comprometida en la labor de contribuir a la misi\u00f3n del museo en el \u00e1rea de divulgaci\u00f3n y educaci\u00f3n de nuestro pasado arqueol\u00f3gico y colonial entre los j\u00f3venes visitantes. Integran este grupo cuarenta personas interesadas en los temas de arqueolog\u00eda&hellip;\" \/>\n<meta property=\"og:url\" content=\"https:\/\/popolvuh.ufm.edu\/educacion\/voluntariado-docente\/\" \/>\n<meta property=\"og:site_name\" content=\"Museo Popol Vuh\" \/>\n<meta property=\"article:publisher\" content=\"https:\/\/popolvuh.ufm.edu\/wp-content\/uploads\/2024\/04\/UFM-MUSEO-POPOL-VUH.png\" \/>\n<meta property=\"article:modified_time\" content=\"2025-12-09T14:14:13+00:00\" \/>\n<meta property=\"og:image\" content=\"https:\/\/popolvuh.ufm.edu\/wp-content\/uploads\/2020\/01\/Voluntariado02_300px.jpg\" \/>\n<meta name=\"twitter:card\" content=\"summary_large_image\" \/>\n<meta name=\"twitter:label1\" content=\"Est. reading time\" \/>\n\t<meta name=\"twitter:data1\" content=\"1 minuto\" \/>\n<script type=\"application\/ld+json\" class=\"yoast-schema-graph\">{\"@context\":\"https:\/\/schema.org\",\"@graph\":[{\"@type\":\"WebPage\",\"@id\":\"https:\/\/popolvuh.ufm.edu\/educacion\/voluntariado-docente\/\",\"url\":\"https:\/\/popolvuh.ufm.edu\/educacion\/voluntariado-docente\/\",\"name\":\"Voluntariado docente - Museo Popol Vuh\",\"isPartOf\":{\"@id\":\"https:\/\/popolvuh.ufm.edu\/#website\"},\"datePublished\":\"2019-05-30T17:46:09+00:00\",\"dateModified\":\"2025-12-09T14:14:13+00:00\",\"breadcrumb\":{\"@id\":\"https:\/\/popolvuh.ufm.edu\/educacion\/voluntariado-docente\/#breadcrumb\"},\"inLanguage\":\"es\",\"potentialAction\":[{\"@type\":\"ReadAction\",\"target\":[\"https:\/\/popolvuh.ufm.edu\/educacion\/voluntariado-docente\/\"]}]},{\"@type\":\"BreadcrumbList\",\"@id\":\"https:\/\/popolvuh.ufm.edu\/educacion\/voluntariado-docente\/#breadcrumb\",\"itemListElement\":[{\"@type\":\"ListItem\",\"position\":1,\"name\":\"Inicio\",\"item\":\"https:\/\/popolvuh.ufm.edu\/\"},{\"@type\":\"ListItem\",\"position\":2,\"name\":\"Educaci\u00f3n\",\"item\":\"https:\/\/popolvuh.ufm.edu\/educacion\/\"},{\"@type\":\"ListItem\",\"position\":3,\"name\":\"Voluntariado docente\"}]},{\"@type\":\"WebSite\",\"@id\":\"https:\/\/popolvuh.ufm.edu\/#website\",\"url\":\"https:\/\/popolvuh.ufm.edu\/\",\"name\":\"Museo Popol Vuh\",\"description\":\"El Museo Popol Vuh ofrece al visitante un recorrido \u00fanico por la historia de Guatemala, ilustrada por medio de una de las mejores colecciones de arte prehisp\u00e1nico y colonial del pa\u00eds.\",\"publisher\":{\"@id\":\"https:\/\/popolvuh.ufm.edu\/#organization\"},\"potentialAction\":[{\"@type\":\"SearchAction\",\"target\":{\"@type\":\"EntryPoint\",\"urlTemplate\":\"https:\/\/popolvuh.ufm.edu\/?s={search_term_string}\"},\"query-input\":\"required name=search_term_string\"}],\"inLanguage\":\"es\"},{\"@type\":\"Organization\",\"@id\":\"https:\/\/popolvuh.ufm.edu\/#organization\",\"name\":\"Museo Popol Vuh\",\"url\":\"https:\/\/popolvuh.ufm.edu\/\",\"logo\":{\"@type\":\"ImageObject\",\"inLanguage\":\"es\",\"@id\":\"https:\/\/popolvuh.ufm.edu\/#\/schema\/logo\/image\/\",\"url\":\"https:\/\/popolvuh.ufm.edu\/wp-content\/uploads\/2024\/04\/UFM-MUSEO-POPOL-VUH.png\",\"contentUrl\":\"https:\/\/popolvuh.ufm.edu\/wp-content\/uploads\/2024\/04\/UFM-MUSEO-POPOL-VUH.png\",\"width\":200,\"height\":200,\"caption\":\"Museo Popol Vuh\"},\"image\":{\"@id\":\"https:\/\/popolvuh.ufm.edu\/#\/schema\/logo\/image\/\"},\"sameAs\":[\"https:\/\/popolvuh.ufm.edu\/wp-content\/uploads\/2024\/04\/UFM-MUSEO-POPOL-VUH.png\"]}]}<\/script>\n<!-- \/ Yoast SEO plugin. -->","yoast_head_json":{"title":"Voluntariado docente - Museo Popol Vuh","robots":{"index":"index","follow":"follow","max-snippet":"max-snippet:-1","max-image-preview":"max-image-preview:large","max-video-preview":"max-video-preview:-1"},"canonical":"https:\/\/popolvuh.ufm.edu\/educacion\/voluntariado-docente\/","og_locale":"es_ES","og_type":"article","og_title":"Voluntariado docente - Museo Popol Vuh","og_description":"Int\u00e9grese a nuestro equipo Los voluntarios docentes del Museo Popol Vuh participan de manera directa y comprometida en la labor de contribuir a la misi\u00f3n del museo en el \u00e1rea de divulgaci\u00f3n y educaci\u00f3n de nuestro pasado arqueol\u00f3gico y colonial entre los j\u00f3venes visitantes. Integran este grupo cuarenta personas interesadas en los temas de arqueolog\u00eda&hellip;","og_url":"https:\/\/popolvuh.ufm.edu\/educacion\/voluntariado-docente\/","og_site_name":"Museo Popol Vuh","article_publisher":"https:\/\/popolvuh.ufm.edu\/wp-content\/uploads\/2024\/04\/UFM-MUSEO-POPOL-VUH.png","article_modified_time":"2025-12-09T14:14:13+00:00","og_image":[{"url":"https:\/\/popolvuh.ufm.edu\/wp-content\/uploads\/2020\/01\/Voluntariado02_300px.jpg"}],"twitter_card":"summary_large_image","twitter_misc":{"Est. reading time":"1 minuto"},"schema":{"@context":"https:\/\/schema.org","@graph":[{"@type":"WebPage","@id":"https:\/\/popolvuh.ufm.edu\/educacion\/voluntariado-docente\/","url":"https:\/\/popolvuh.ufm.edu\/educacion\/voluntariado-docente\/","name":"Voluntariado docente - Museo Popol Vuh","isPartOf":{"@id":"https:\/\/popolvuh.ufm.edu\/#website"},"datePublished":"2019-05-30T17:46:09+00:00","dateModified":"2025-12-09T14:14:13+00:00","breadcrumb":{"@id":"https:\/\/popolvuh.ufm.edu\/educacion\/voluntariado-docente\/#breadcrumb"},"inLanguage":"es","potentialAction":[{"@type":"ReadAction","target":["https:\/\/popolvuh.ufm.edu\/educacion\/voluntariado-docente\/"]}]},{"@type":"BreadcrumbList","@id":"https:\/\/popolvuh.ufm.edu\/educacion\/voluntariado-docente\/#breadcrumb","itemListElement":[{"@type":"ListItem","position":1,"name":"Inicio","item":"https:\/\/popolvuh.ufm.edu\/"},{"@type":"ListItem","position":2,"name":"Educaci\u00f3n","item":"https:\/\/popolvuh.ufm.edu\/educacion\/"},{"@type":"ListItem","position":3,"name":"Voluntariado docente"}]},{"@type":"WebSite","@id":"https:\/\/popolvuh.ufm.edu\/#website","url":"https:\/\/popolvuh.ufm.edu\/","name":"Museo Popol Vuh","description":"El Museo Popol Vuh ofrece al visitante un recorrido \u00fanico por la historia de Guatemala, ilustrada por medio de una de las mejores colecciones de arte prehisp\u00e1nico y colonial del pa\u00eds.","publisher":{"@id":"https:\/\/popolvuh.ufm.edu\/#organization"},"potentialAction":[{"@type":"SearchAction","target":{"@type":"EntryPoint","urlTemplate":"https:\/\/popolvuh.ufm.edu\/?s={search_term_string}"},"query-input":"required name=search_term_string"}],"inLanguage":"es"},{"@type":"Organization","@id":"https:\/\/popolvuh.ufm.edu\/#organization","name":"Museo Popol Vuh","url":"https:\/\/popolvuh.ufm.edu\/","logo":{"@type":"ImageObject","inLanguage":"es","@id":"https:\/\/popolvuh.ufm.edu\/#\/schema\/logo\/image\/","url":"https:\/\/popolvuh.ufm.edu\/wp-content\/uploads\/2024\/04\/UFM-MUSEO-POPOL-VUH.png","contentUrl":"https:\/\/popolvuh.ufm.edu\/wp-content\/uploads\/2024\/04\/UFM-MUSEO-POPOL-VUH.png","width":200,"height":200,"caption":"Museo Popol Vuh"},"image":{"@id":"https:\/\/popolvuh.ufm.edu\/#\/schema\/logo\/image\/"},"sameAs":["https:\/\/popolvuh.ufm.edu\/wp-content\/uploads\/2024\/04\/UFM-MUSEO-POPOL-VUH.png"]}]}},"_links":{"self":[{"href":"https:\/\/popolvuh.ufm.edu\/index.php?rest_route=\/wp\/v2\/pages\/52","targetHints":{"allow":["GET"]}}],"collection":[{"href":"https:\/\/popolvuh.ufm.edu\/index.php?rest_route=\/wp\/v2\/pages"}],"about":[{"href":"https:\/\/popolvuh.ufm.edu\/index.php?rest_route=\/wp\/v2\/types\/page"}],"author":[{"embeddable":true,"href":"https:\/\/popolvuh.ufm.edu\/index.php?rest_route=\/wp\/v2\/users\/1"}],"replies":[{"embeddable":true,"href":"https:\/\/popolvuh.ufm.edu\/index.php?rest_route=%2Fwp%2Fv2%2Fcomments&post=52"}],"version-history":[{"count":9,"href":"https:\/\/popolvuh.ufm.edu\/index.php?rest_route=\/wp\/v2\/pages\/52\/revisions"}],"predecessor-version":[{"id":17526,"href":"https:\/\/popolvuh.ufm.edu\/index.php?rest_route=\/wp\/v2\/pages\/52\/revisions\/17526"}],"up":[{"embeddable":true,"href":"https:\/\/popolvuh.ufm.edu\/index.php?rest_route=\/wp\/v2\/pages\/47"}],"wp:attachment":[{"href":"https:\/\/popolvuh.ufm.edu\/index.php?rest_route=%2Fwp%2Fv2%2Fmedia&parent=52"}],"curies":[{"name":"wp","href":"https:\/\/api.w.org\/{rel}","templated":true}]}}