{"id":27,"date":"2019-05-30T17:18:36","date_gmt":"2019-05-30T17:18:36","guid":{"rendered":"https:\/\/popolvuh.ufm.edu\/?page_id=27"},"modified":"2025-12-09T14:05:02","modified_gmt":"2025-12-09T14:05:02","slug":"quienes-somos","status":"publish","type":"page","link":"https:\/\/popolvuh.ufm.edu\/?page_id=27","title":{"rendered":"Qui\u00e9nes somos"},"content":{"rendered":"\n\n\t<p>El Museo Popol Vuh ofrece al visitante un recorrido \u00fanico por la historia de Guatemala, ilustrada por medio de una de las mejores colecciones de arte prehisp\u00e1nico y colonial del pa\u00eds. El museo es una instituci\u00f3n cient\u00edfica privada, no lucrativa, que forma parte de la&nbsp;<a href=\"http:\/\/www.ufm.edu\/\">Universidad Francisco Marroqu\u00edn<\/a>. Sus objetivos incluyen la conservaci\u00f3n, investigaci\u00f3n y divulgaci\u00f3n del patrimonio cultural y arqueol\u00f3gico de Guatemala.<\/p>\n<p>El museo alberga una de las colecciones m\u00e1s importantes de arte maya en el mundo. Destacan en ella numerosos ejemplos de cer\u00e1mica pintada del per\u00edodo cl\u00e1sico en el Pet\u00e9n; la Verapaz y otras regiones, un extraordinario conjunto de urnas funerarias del noroccidente de Guatemala; ejemplos importantes de la escultura precl\u00e1sica y cl\u00e1sica de Kaminaljuy\u00fa y la costa sur; una muestra de incensarios extra\u00eddos de las aguas del lago de Amatitl\u00e1n; as\u00ed como una excelente muestra de silbatos de cer\u00e1mica.<\/p>\n<p> Las salas coloniales ofrecen una muestra importante de plater\u00eda, imaginer\u00eda y pintura colonial de Guatemala. Adem\u00e1s, el museo posee una importante muestra de trajes y m\u00e1scaras del siglo XX, utilizados en danzas tradicionales, que actualmente no se encuentran en exhibici\u00f3n. El museo toma su nombre del Popol Vuh, libro escrito poco despu\u00e9s de la conquista espa\u00f1ola de Guatemala, que narra los mitos y la historia prehisp\u00e1nica de los quich\u00e9s, cuyos reyes dominaba gran parte del altiplano occidental de Guatemala. La colecci\u00f3n del Museo Popol Vuh incluye numerosos objetos relacionados con los mitos del Popol Vuh. <\/p>\n<p> El museo desarrolla actividades docentes dirigidas a escolares de todas las edades, que incluyen visitas guiadas y talleres. Posee un programa activo de conferencias y cursos libres dirigidos al p\u00fablico general, y realiza actividades de investigaci\u00f3n relacionadas con objetos de su colecci\u00f3n y en general con el estudio de la arqueolog\u00eda, arte e historia de Guatemala. En forma ocasional, el museo publica libros relacionados con estos temas. La biblioteca del museo pone a disposici\u00f3n del p\u00fablico m\u00e1s de 5,700 vol\u00famenes especializados en estas \u00e1reas. Por medio de estos y otros programas, el museo se proyecta al p\u00fablico en un esfuerzo permanente en pro de la cultura guatemalteca. <\/p>\n<ul>\n<li>\n<figure><img decoding=\"async\" src=\"https:\/\/popolvuh.ufm.edu\/wp-content\/uploads\/2020\/01\/PROYECTO_EDUCATIVO_300px.jpg\" alt=\"\" data-id=\"1713\" data-link=\"https:\/\/popolvuh.ufm.edu\/el-museo\/quienes-somos\/proyecto_educativo_300px\/\"\/><figcaption>Recorrido guiado por el museo.<\/figcaption><\/figure>\n<\/li>\n<li>\n<figure><img decoding=\"async\" src=\"https:\/\/popolvuh.ufm.edu\/wp-content\/uploads\/2020\/01\/PROYECTO_EDUCATIVOTALLER_300px.jpg\" alt=\"\" data-id=\"1715\" data-link=\"https:\/\/popolvuh.ufm.edu\/el-museo\/quienes-somos\/proyecto_educativotaller_300px\/\"\/><figcaption>Talleres para estudiantes. <\/figcaption><\/figure>\n<\/li>\n<\/ul>\n<ul>\n<li>\n<figure><img decoding=\"async\" src=\"https:\/\/popolvuh.ufm.edu\/wp-content\/uploads\/2020\/01\/CONVERSATORIO_300px-1.jpg\" alt=\"\" data-id=\"1718\" data-link=\"https:\/\/popolvuh.ufm.edu\/el-museo\/quienes-somos\/conversatorio_300px-1\/\"\/><figcaption>Capacitaciones y conferencias.<\/figcaption><\/figure>\n<\/li>\n<li>\n<figure><img decoding=\"async\" src=\"https:\/\/popolvuh.ufm.edu\/wp-content\/uploads\/2020\/01\/CONFE_BARBARA300px-1.jpg\" alt=\"\" data-id=\"1719\" data-link=\"https:\/\/popolvuh.ufm.edu\/el-museo\/quienes-somos\/confe_barbara300px-1\/\"\/><figcaption>Conferencias. <\/figcaption><\/figure>\n<\/li>\n<\/ul>\n<hr \/>\n<h2>Preguntas frecuentes<\/h2>\n<p><strong>\u00bfQu\u00e9 horarios tiene el museo?<\/strong><\/p>\n<p>Lunes a viernes de 9:00 a. m. a 5:00 p. m. <br \/>S\u00e1bados de 9:00 a. m. a 1:00 p. m.<br \/>Domingos cerrado. <a href=\"https:\/\/popolvuh.ufm.edu\/horarios-y-precios\/\">M\u00e1s informaci\u00f3n de horarios y precios<\/a><\/p>\n<p><strong>\u00bfQu\u00e9 costo tiene el ingreso al museo?<\/strong><\/p>\n<p>Adultos Q 45 <br \/>Estudiantes con carn\u00e9 Q 25<br \/>Ni\u00f1os de 2-12 a\u00f1os Q 15<br \/>Entrada gratuita para estudiantes y personal de la Universidad Francisco Marroqu\u00edn<\/p>\n<p><strong>\u00bfQu\u00e9 paquetes ofrece el Proyecto Educativo para colegios e instituciones visitantes?<\/strong><\/p>\n<p>Informaci\u00f3n completa Visitas y Talleres Escolares<\/p>\n<p><strong>\u00bfEl museo cuenta con bilblioteca?<\/strong><\/p>\n<p>Si, puedes consultar nuestro  <a href=\"http:\/\/biblioteca.ufm.edu\/library\/index.php\/Especial:GSMSearchPage\" target=\"_blank\" rel=\"noreferrer noopener\" aria-label=\"cat\u00e1logo en l\u00ednea (opens in a new tab)\">cat\u00e1logo en l\u00ednea<\/a> <\/p>\n<p><strong>\u00bfQu\u00e9 horarios tiene la biblioteca del museo?<\/strong><\/p>\n<p>Lunes a viernes de 8:30 a. m. a 11:30 a. m.<\/p>\n<p><strong>\u00bfSe pueden tomar fotograf\u00edas en el museo?<\/strong><\/p>\n<p>Si, es posible tomar fotograf\u00edas pagando una peque\u00f1a cuota de Q15, no es permitido tomar fotograf\u00edas con flash.<\/p>\n<p><strong>\u00bfC\u00f3mo logro llegar al museo en transporte p\u00fablico?<\/strong><\/p>\n<p>Las rutas de transporte urbano n\u00famero 63, 101 y 40R le conducir\u00e1n por la avenida La Reforma. Debe dejar el bus en la esquina de la sexta calle, zona 10, frente al edificio del Ministerio de Educaci\u00f3n. Camine hacia el este a lo largo de la sexta calle, pasando dos intersecciones con sem\u00e1foros, hasta encontrar la bajada que conduce al campus de la universidad. Al pasar la garita de ingreso al campus, ver\u00e1 al frente los edificios del Museo Popol Vuh y Museo Ixchel. <\/p>\n<p><strong>\u00bfQu\u00e9 se exhibe en el museo?<\/strong><\/p>\n<p>La exhibici\u00f3n del Museo Popol Vuh esta compuesta por piezas de arte prehisp\u00e1nico y colonial. Puedes ver algunas piezas del museo en la secci\u00f3n de&nbsp;<a href=\"https:\/\/popolvuh.ufm.edu\/coleccion\/\">colecciones<\/a>.<\/p>\n\n","protected":false},"excerpt":{"rendered":"<p>El Museo Popol Vuh ofrece al visitante un recorrido \u00fanico por la historia de Guatemala, ilustrada por medio de una de las mejores colecciones de arte prehisp\u00e1nico y colonial del pa\u00eds. El museo es una instituci\u00f3n cient\u00edfica privada, no lucrativa, que forma parte de la&nbsp;Universidad Francisco Marroqu\u00edn. Sus objetivos incluyen la conservaci\u00f3n, investigaci\u00f3n y divulgaci\u00f3n&hellip;<\/p>\n","protected":false},"author":1,"featured_media":1083,"parent":25,"menu_order":0,"comment_status":"closed","ping_status":"closed","template":"","meta":{"footnotes":""},"class_list":["post-27","page","type-page","status-publish","has-post-thumbnail","hentry"],"yoast_head":"<!-- This site is optimized with the Yoast SEO plugin v21.8 - https:\/\/yoast.com\/wordpress\/plugins\/seo\/ -->\n<title>Qui\u00e9nes somos - Museo Popol Vuh<\/title>\n<meta name=\"robots\" content=\"index, follow, max-snippet:-1, max-image-preview:large, max-video-preview:-1\" \/>\n<link rel=\"canonical\" href=\"https:\/\/popolvuh.ufm.edu\/el-museo\/quienes-somos\/\" \/>\n<meta property=\"og:locale\" content=\"es_ES\" \/>\n<meta property=\"og:type\" content=\"article\" \/>\n<meta property=\"og:title\" content=\"Qui\u00e9nes somos - Museo Popol Vuh\" \/>\n<meta property=\"og:description\" content=\"El Museo Popol Vuh ofrece al visitante un recorrido \u00fanico por la historia de Guatemala, ilustrada por medio de una de las mejores colecciones de arte prehisp\u00e1nico y colonial del pa\u00eds. El museo es una instituci\u00f3n cient\u00edfica privada, no lucrativa, que forma parte de la&nbsp;Universidad Francisco Marroqu\u00edn. Sus objetivos incluyen la conservaci\u00f3n, investigaci\u00f3n y divulgaci\u00f3n&hellip;\" \/>\n<meta property=\"og:url\" content=\"https:\/\/popolvuh.ufm.edu\/el-museo\/quienes-somos\/\" \/>\n<meta property=\"og:site_name\" content=\"Museo Popol Vuh\" \/>\n<meta property=\"article:publisher\" content=\"https:\/\/popolvuh.ufm.edu\/wp-content\/uploads\/2024\/04\/UFM-MUSEO-POPOL-VUH.png\" \/>\n<meta property=\"article:modified_time\" content=\"2025-12-09T14:05:02+00:00\" \/>\n<meta property=\"og:image\" content=\"https:\/\/popolvuh.ufm.edu\/wp-content\/uploads\/2019\/07\/02-1024x378.png\" \/>\n\t<meta property=\"og:image:width\" content=\"1024\" \/>\n\t<meta property=\"og:image:height\" content=\"378\" \/>\n\t<meta property=\"og:image:type\" content=\"image\/png\" \/>\n<meta name=\"twitter:card\" content=\"summary_large_image\" \/>\n<meta name=\"twitter:label1\" content=\"Est. reading time\" \/>\n\t<meta name=\"twitter:data1\" content=\"3 minutos\" \/>\n<script type=\"application\/ld+json\" class=\"yoast-schema-graph\">{\"@context\":\"https:\/\/schema.org\",\"@graph\":[{\"@type\":\"WebPage\",\"@id\":\"https:\/\/popolvuh.ufm.edu\/el-museo\/quienes-somos\/\",\"url\":\"https:\/\/popolvuh.ufm.edu\/el-museo\/quienes-somos\/\",\"name\":\"Qui\u00e9nes somos - Museo Popol Vuh\",\"isPartOf\":{\"@id\":\"https:\/\/popolvuh.ufm.edu\/#website\"},\"datePublished\":\"2019-05-30T17:18:36+00:00\",\"dateModified\":\"2025-12-09T14:05:02+00:00\",\"breadcrumb\":{\"@id\":\"https:\/\/popolvuh.ufm.edu\/el-museo\/quienes-somos\/#breadcrumb\"},\"inLanguage\":\"es\",\"potentialAction\":[{\"@type\":\"ReadAction\",\"target\":[\"https:\/\/popolvuh.ufm.edu\/el-museo\/quienes-somos\/\"]}]},{\"@type\":\"BreadcrumbList\",\"@id\":\"https:\/\/popolvuh.ufm.edu\/el-museo\/quienes-somos\/#breadcrumb\",\"itemListElement\":[{\"@type\":\"ListItem\",\"position\":1,\"name\":\"Inicio\",\"item\":\"https:\/\/popolvuh.ufm.edu\/\"},{\"@type\":\"ListItem\",\"position\":2,\"name\":\"El museo\",\"item\":\"https:\/\/popolvuh.ufm.edu\/el-museo\/\"},{\"@type\":\"ListItem\",\"position\":3,\"name\":\"Qui\u00e9nes somos\"}]},{\"@type\":\"WebSite\",\"@id\":\"https:\/\/popolvuh.ufm.edu\/#website\",\"url\":\"https:\/\/popolvuh.ufm.edu\/\",\"name\":\"Museo Popol Vuh\",\"description\":\"El Museo Popol Vuh ofrece al visitante un recorrido \u00fanico por la historia de Guatemala, ilustrada por medio de una de las mejores colecciones de arte prehisp\u00e1nico y colonial del pa\u00eds.\",\"publisher\":{\"@id\":\"https:\/\/popolvuh.ufm.edu\/#organization\"},\"potentialAction\":[{\"@type\":\"SearchAction\",\"target\":{\"@type\":\"EntryPoint\",\"urlTemplate\":\"https:\/\/popolvuh.ufm.edu\/?s={search_term_string}\"},\"query-input\":\"required name=search_term_string\"}],\"inLanguage\":\"es\"},{\"@type\":\"Organization\",\"@id\":\"https:\/\/popolvuh.ufm.edu\/#organization\",\"name\":\"Museo Popol Vuh\",\"url\":\"https:\/\/popolvuh.ufm.edu\/\",\"logo\":{\"@type\":\"ImageObject\",\"inLanguage\":\"es\",\"@id\":\"https:\/\/popolvuh.ufm.edu\/#\/schema\/logo\/image\/\",\"url\":\"https:\/\/popolvuh.ufm.edu\/wp-content\/uploads\/2024\/04\/UFM-MUSEO-POPOL-VUH.png\",\"contentUrl\":\"https:\/\/popolvuh.ufm.edu\/wp-content\/uploads\/2024\/04\/UFM-MUSEO-POPOL-VUH.png\",\"width\":200,\"height\":200,\"caption\":\"Museo Popol Vuh\"},\"image\":{\"@id\":\"https:\/\/popolvuh.ufm.edu\/#\/schema\/logo\/image\/\"},\"sameAs\":[\"https:\/\/popolvuh.ufm.edu\/wp-content\/uploads\/2024\/04\/UFM-MUSEO-POPOL-VUH.png\"]}]}<\/script>\n<!-- \/ Yoast SEO plugin. -->","yoast_head_json":{"title":"Qui\u00e9nes somos - Museo Popol Vuh","robots":{"index":"index","follow":"follow","max-snippet":"max-snippet:-1","max-image-preview":"max-image-preview:large","max-video-preview":"max-video-preview:-1"},"canonical":"https:\/\/popolvuh.ufm.edu\/el-museo\/quienes-somos\/","og_locale":"es_ES","og_type":"article","og_title":"Qui\u00e9nes somos - Museo Popol Vuh","og_description":"El Museo Popol Vuh ofrece al visitante un recorrido \u00fanico por la historia de Guatemala, ilustrada por medio de una de las mejores colecciones de arte prehisp\u00e1nico y colonial del pa\u00eds. El museo es una instituci\u00f3n cient\u00edfica privada, no lucrativa, que forma parte de la&nbsp;Universidad Francisco Marroqu\u00edn. Sus objetivos incluyen la conservaci\u00f3n, investigaci\u00f3n y divulgaci\u00f3n&hellip;","og_url":"https:\/\/popolvuh.ufm.edu\/el-museo\/quienes-somos\/","og_site_name":"Museo Popol Vuh","article_publisher":"https:\/\/popolvuh.ufm.edu\/wp-content\/uploads\/2024\/04\/UFM-MUSEO-POPOL-VUH.png","article_modified_time":"2025-12-09T14:05:02+00:00","og_image":[{"width":1024,"height":378,"url":"https:\/\/popolvuh.ufm.edu\/wp-content\/uploads\/2019\/07\/02-1024x378.png","type":"image\/png"}],"twitter_card":"summary_large_image","twitter_misc":{"Est. reading time":"3 minutos"},"schema":{"@context":"https:\/\/schema.org","@graph":[{"@type":"WebPage","@id":"https:\/\/popolvuh.ufm.edu\/el-museo\/quienes-somos\/","url":"https:\/\/popolvuh.ufm.edu\/el-museo\/quienes-somos\/","name":"Qui\u00e9nes somos - Museo Popol Vuh","isPartOf":{"@id":"https:\/\/popolvuh.ufm.edu\/#website"},"datePublished":"2019-05-30T17:18:36+00:00","dateModified":"2025-12-09T14:05:02+00:00","breadcrumb":{"@id":"https:\/\/popolvuh.ufm.edu\/el-museo\/quienes-somos\/#breadcrumb"},"inLanguage":"es","potentialAction":[{"@type":"ReadAction","target":["https:\/\/popolvuh.ufm.edu\/el-museo\/quienes-somos\/"]}]},{"@type":"BreadcrumbList","@id":"https:\/\/popolvuh.ufm.edu\/el-museo\/quienes-somos\/#breadcrumb","itemListElement":[{"@type":"ListItem","position":1,"name":"Inicio","item":"https:\/\/popolvuh.ufm.edu\/"},{"@type":"ListItem","position":2,"name":"El museo","item":"https:\/\/popolvuh.ufm.edu\/el-museo\/"},{"@type":"ListItem","position":3,"name":"Qui\u00e9nes somos"}]},{"@type":"WebSite","@id":"https:\/\/popolvuh.ufm.edu\/#website","url":"https:\/\/popolvuh.ufm.edu\/","name":"Museo Popol Vuh","description":"El Museo Popol Vuh ofrece al visitante un recorrido \u00fanico por la historia de Guatemala, ilustrada por medio de una de las mejores colecciones de arte prehisp\u00e1nico y colonial del pa\u00eds.","publisher":{"@id":"https:\/\/popolvuh.ufm.edu\/#organization"},"potentialAction":[{"@type":"SearchAction","target":{"@type":"EntryPoint","urlTemplate":"https:\/\/popolvuh.ufm.edu\/?s={search_term_string}"},"query-input":"required name=search_term_string"}],"inLanguage":"es"},{"@type":"Organization","@id":"https:\/\/popolvuh.ufm.edu\/#organization","name":"Museo Popol Vuh","url":"https:\/\/popolvuh.ufm.edu\/","logo":{"@type":"ImageObject","inLanguage":"es","@id":"https:\/\/popolvuh.ufm.edu\/#\/schema\/logo\/image\/","url":"https:\/\/popolvuh.ufm.edu\/wp-content\/uploads\/2024\/04\/UFM-MUSEO-POPOL-VUH.png","contentUrl":"https:\/\/popolvuh.ufm.edu\/wp-content\/uploads\/2024\/04\/UFM-MUSEO-POPOL-VUH.png","width":200,"height":200,"caption":"Museo Popol Vuh"},"image":{"@id":"https:\/\/popolvuh.ufm.edu\/#\/schema\/logo\/image\/"},"sameAs":["https:\/\/popolvuh.ufm.edu\/wp-content\/uploads\/2024\/04\/UFM-MUSEO-POPOL-VUH.png"]}]}},"_links":{"self":[{"href":"https:\/\/popolvuh.ufm.edu\/index.php?rest_route=\/wp\/v2\/pages\/27","targetHints":{"allow":["GET"]}}],"collection":[{"href":"https:\/\/popolvuh.ufm.edu\/index.php?rest_route=\/wp\/v2\/pages"}],"about":[{"href":"https:\/\/popolvuh.ufm.edu\/index.php?rest_route=\/wp\/v2\/types\/page"}],"author":[{"embeddable":true,"href":"https:\/\/popolvuh.ufm.edu\/index.php?rest_route=\/wp\/v2\/users\/1"}],"replies":[{"embeddable":true,"href":"https:\/\/popolvuh.ufm.edu\/index.php?rest_route=%2Fwp%2Fv2%2Fcomments&post=27"}],"version-history":[{"count":36,"href":"https:\/\/popolvuh.ufm.edu\/index.php?rest_route=\/wp\/v2\/pages\/27\/revisions"}],"predecessor-version":[{"id":17523,"href":"https:\/\/popolvuh.ufm.edu\/index.php?rest_route=\/wp\/v2\/pages\/27\/revisions\/17523"}],"up":[{"embeddable":true,"href":"https:\/\/popolvuh.ufm.edu\/index.php?rest_route=\/wp\/v2\/pages\/25"}],"wp:featuredmedia":[{"embeddable":true,"href":"https:\/\/popolvuh.ufm.edu\/index.php?rest_route=\/wp\/v2\/media\/1083"}],"wp:attachment":[{"href":"https:\/\/popolvuh.ufm.edu\/index.php?rest_route=%2Fwp%2Fv2%2Fmedia&parent=27"}],"curies":[{"name":"wp","href":"https:\/\/api.w.org\/{rel}","templated":true}]}}